{"id":691,"date":"2020-09-28T11:34:43","date_gmt":"2020-09-28T09:34:43","guid":{"rendered":"https:\/\/buvohely-bekescsaba.hu\/?page_id=691"},"modified":"2020-09-29T14:38:58","modified_gmt":"2020-09-29T12:38:58","slug":"thx-ajanlatkeres","status":"publish","type":"page","link":"https:\/\/romantikus-ajandek.hu\/mentes\/thx-ajanlatkeres\/","title":{"rendered":"thx-ajanlatkeres"},"content":{"rendered":"\t\t<div data-elementor-type=\"wp-page\" data-elementor-id=\"691\" class=\"elementor elementor-691\" data-elementor-settings=\"[]\">\n\t\t\t\t\t\t<div class=\"elementor-inner\">\n\t\t\t\t\t\t\t<div class=\"elementor-section-wrap\">\n\t\t\t\t\t\t\t<section class=\"elementor-section elementor-top-section elementor-element elementor-element-e3a79ae elementor-section-boxed elementor-section-height-default elementor-section-height-default\" data-id=\"e3a79ae\" data-element_type=\"section\">\n\t\t\t\t\t\t<div class=\"elementor-container elementor-column-gap-default\">\n\t\t\t\t\t\t\t<div class=\"elementor-row\">\n\t\t\t\t\t<div class=\"elementor-column elementor-col-100 elementor-top-column elementor-element elementor-element-0553142\" data-id=\"0553142\" data-element_type=\"column\">\n\t\t\t<div class=\"elementor-column-wrap elementor-element-populated\">\n\t\t\t\t\t\t\t<div class=\"elementor-widget-wrap\">\n\t\t\t\t\t\t<div class=\"elementor-element elementor-element-8ff24cd elementor-widget elementor-widget-text-editor\" data-id=\"8ff24cd\" data-element_type=\"widget\" data-widget_type=\"text-editor.default\">\n\t\t\t\t<div class=\"elementor-widget-container\">\n\t\t\t\t\t<div class=\"elementor-text-editor elementor-clearfix\"><p><strong>K\u00f6sz\u00f6nj\u00fck aj\u00e1nlatk\u00e9r\u00e9sed!<\/strong><br \/><br \/><br \/>Hamarosan kapni fogsz egy emailt aj\u00e1nlatk\u00e9r\u00e9sedr\u0151l! Mit tegy\u00e9l, ha nem j\u00f6tt meg az email?<br \/><br \/><br \/>Els\u0151 l\u00e9p\u00e9sk\u00e9nt n\u00e9zd meg, hogy nem landolt-e az email a Spam mapp\u00e1ban? N\u00e9ha sajnos oda mennek az emailek. Ha ott van az email, csak helyezd \u00e1t az Inboxba. Ha a Spam mapp\u00e1ban sincs az email, akkor v\u00e1rj egy kicsit. Lehet, hogy lassabban \u00e9rkezik meg valami miatt.<br \/><br \/>Ha nem j\u00f6n meg 1 \u00f3r\u00e1n bel\u00fcl se, akkor k\u00fcldj egy emailt a szallasfoglalas@gyulai-szallas.hu \u00e9s ellen\u0151rizz\u00fck, hogy mi lehet a gond.<br \/><br \/><br \/>Mit tegy\u00e9l, hogy megkapj k\u00e9s\u0151bb minden emailt? Figyelj arra, hogy ne ker\u00fclj\u00f6n az email c\u00edmem blokkol\u00e1sra \u00e9s ne landoljanak az emailek a Spam vagy a Prom\u00f3ci\u00f3 mapp\u00e1kban.<\/p><\/div>\n\t\t\t\t<\/div>\n\t\t\t\t<\/div>\n\t\t\t\t\t\t<\/div>\n\t\t\t\t\t<\/div>\n\t\t<\/div>\n\t\t\t\t\t\t\t\t<\/div>\n\t\t\t\t\t<\/div>\n\t\t<\/section>\n\t\t\t\t<section class=\"elementor-section elementor-top-section elementor-element elementor-element-2c2d1bc elementor-section-boxed elementor-section-height-default elementor-section-height-default\" data-id=\"2c2d1bc\" data-element_type=\"section\">\n\t\t\t\t\t\t<div class=\"elementor-container elementor-column-gap-default\">\n\t\t\t\t\t\t\t<div class=\"elementor-row\">\n\t\t\t\t\t<div class=\"elementor-column elementor-col-50 elementor-top-column elementor-element elementor-element-e8e4471\" data-id=\"e8e4471\" data-element_type=\"column\">\n\t\t\t<div class=\"elementor-column-wrap elementor-element-populated\">\n\t\t\t\t\t\t\t<div class=\"elementor-widget-wrap\">\n\t\t\t\t\t\t<div class=\"elementor-element elementor-element-a1fac52 elementor-widget elementor-widget-spacer\" data-id=\"a1fac52\" data-element_type=\"widget\" data-widget_type=\"spacer.default\">\n\t\t\t\t<div class=\"elementor-widget-container\">\n\t\t\t\t\t<div class=\"elementor-spacer\">\n\t\t\t<div class=\"elementor-spacer-inner\"><\/div>\n\t\t<\/div>\n\t\t\t\t<\/div>\n\t\t\t\t<\/div>\n\t\t\t\t<div class=\"elementor-element elementor-element-fdfc899 elementor-widget elementor-widget-text-editor\" data-id=\"fdfc899\" data-element_type=\"widget\" data-widget_type=\"text-editor.default\">\n\t\t\t\t<div class=\"elementor-widget-container\">\n\t\t\t\t\t<div class=\"elementor-text-editor elementor-clearfix\"><p>\u00dcdv\u00f6zlettel:<br \/><br \/><strong>Gyulai Sz\u00e1ll\u00e1s csapata<\/strong><br \/><br \/>Sz\u00e1ll\u00e1sfoglal\u00e1s<br \/>+36 30 599 50 58<br \/><br \/>Recepci\u00f3<br \/>+36 66 362 044<br \/>+36 66 362 218<\/p><\/div>\n\t\t\t\t<\/div>\n\t\t\t\t<\/div>\n\t\t\t\t\t\t<\/div>\n\t\t\t\t\t<\/div>\n\t\t<\/div>\n\t\t\t\t<div class=\"elementor-column elementor-col-50 elementor-top-column elementor-element elementor-element-da6d003\" data-id=\"da6d003\" data-element_type=\"column\">\n\t\t\t<div class=\"elementor-column-wrap\">\n\t\t\t\t\t\t\t<div class=\"elementor-widget-wrap\">\n\t\t\t\t\t\t\t\t<\/div>\n\t\t\t\t\t<\/div>\n\t\t<\/div>\n\t\t\t\t\t\t\t\t<\/div>\n\t\t\t\t\t<\/div>\n\t\t<\/section>\n\t\t\t\t<section class=\"elementor-section elementor-top-section elementor-element elementor-element-c77a58a elementor-section-boxed elementor-section-height-default elementor-section-height-default\" data-id=\"c77a58a\" data-element_type=\"section\">\n\t\t\t\t\t\t<div class=\"elementor-container elementor-column-gap-default\">\n\t\t\t\t\t\t\t<div class=\"elementor-row\">\n\t\t\t\t\t<div class=\"elementor-column elementor-col-100 elementor-top-column elementor-element elementor-element-0c3629c\" data-id=\"0c3629c\" data-element_type=\"column\">\n\t\t\t<div class=\"elementor-column-wrap elementor-element-populated\">\n\t\t\t\t\t\t\t<div class=\"elementor-widget-wrap\">\n\t\t\t\t\t\t<div class=\"elementor-element elementor-element-9825eaa elementor-widget elementor-widget-spacer\" data-id=\"9825eaa\" data-element_type=\"widget\" data-widget_type=\"spacer.default\">\n\t\t\t\t<div class=\"elementor-widget-container\">\n\t\t\t\t\t<div class=\"elementor-spacer\">\n\t\t\t<div class=\"elementor-spacer-inner\"><\/div>\n\t\t<\/div>\n\t\t\t\t<\/div>\n\t\t\t\t<\/div>\n\t\t\t\t\t\t<\/div>\n\t\t\t\t\t<\/div>\n\t\t<\/div>\n\t\t\t\t\t\t\t\t<\/div>\n\t\t\t\t\t<\/div>\n\t\t<\/section>\n\t\t\t\t\t\t<\/div>\n\t\t\t\t\t\t<\/div>\n\t\t\t\t\t<\/div>\n\t\t","protected":false},"excerpt":{"rendered":"<p>K\u00f6sz\u00f6nj\u00fck aj\u00e1nlatk\u00e9r\u00e9sed! Hamarosan kapni fogsz egy emailt aj\u00e1nlatk\u00e9r\u00e9sedr\u0151l! Mit tegy\u00e9l, ha nem j\u00f6tt meg az email? Els\u0151 l\u00e9p\u00e9sk\u00e9nt n\u00e9zd meg, hogy nem landolt-e az email a Spam mapp\u00e1ban? N\u00e9ha sajnos oda mennek az emailek. Ha ott van az email, csak helyezd \u00e1t az Inboxba. Ha a Spam mapp\u00e1ban sincs az email, akkor v\u00e1rj egy kicsit. &#8230; <a title=\"thx-ajanlatkeres\" class=\"read-more\" href=\"https:\/\/romantikus-ajandek.hu\/mentes\/thx-ajanlatkeres\/\" aria-label=\"More on thx-ajanlatkeres\">Read more<\/a><\/p>\n","protected":false},"author":2,"featured_media":0,"parent":0,"menu_order":0,"comment_status":"closed","ping_status":"closed","template":"elementor_header_footer","meta":[],"_links":{"self":[{"href":"https:\/\/romantikus-ajandek.hu\/mentes\/wp-json\/wp\/v2\/pages\/691"}],"collection":[{"href":"https:\/\/romantikus-ajandek.hu\/mentes\/wp-json\/wp\/v2\/pages"}],"about":[{"href":"https:\/\/romantikus-ajandek.hu\/mentes\/wp-json\/wp\/v2\/types\/page"}],"author":[{"embeddable":true,"href":"https:\/\/romantikus-ajandek.hu\/mentes\/wp-json\/wp\/v2\/users\/2"}],"replies":[{"embeddable":true,"href":"https:\/\/romantikus-ajandek.hu\/mentes\/wp-json\/wp\/v2\/comments?post=691"}],"version-history":[{"count":5,"href":"https:\/\/romantikus-ajandek.hu\/mentes\/wp-json\/wp\/v2\/pages\/691\/revisions"}],"predecessor-version":[{"id":865,"href":"https:\/\/romantikus-ajandek.hu\/mentes\/wp-json\/wp\/v2\/pages\/691\/revisions\/865"}],"wp:attachment":[{"href":"https:\/\/romantikus-ajandek.hu\/mentes\/wp-json\/wp\/v2\/media?parent=691"}],"curies":[{"name":"wp","href":"https:\/\/api.w.org\/{rel}","templated":true}]}}