{"id":22,"date":"2020-08-21T11:47:32","date_gmt":"2020-08-21T09:47:32","guid":{"rendered":"https:\/\/buvohely-bekescsaba.hu\/?page_id=22"},"modified":"2022-04-23T16:42:42","modified_gmt":"2022-04-23T14:42:42","slug":"gy-i-k","status":"publish","type":"page","link":"https:\/\/romantikus-ajandek.hu\/mentes\/gy-i-k\/","title":{"rendered":"GY.I.K"},"content":{"rendered":"\t\t<div data-elementor-type=\"wp-page\" data-elementor-id=\"22\" class=\"elementor elementor-22\" data-elementor-settings=\"[]\">\n\t\t\t\t\t\t<div class=\"elementor-inner\">\n\t\t\t\t\t\t\t<div class=\"elementor-section-wrap\">\n\t\t\t\t\t\t\t<section class=\"elementor-section elementor-top-section elementor-element elementor-element-7cf7e949 elementor-section-height-min-height elementor-section-boxed elementor-section-height-default elementor-section-items-middle\" data-id=\"7cf7e949\" data-element_type=\"section\" data-settings=\"{&quot;background_background&quot;:&quot;classic&quot;}\">\n\t\t\t\t\t\t\t<div class=\"elementor-background-overlay\"><\/div>\n\t\t\t\t\t\t\t<div class=\"elementor-container elementor-column-gap-default\">\n\t\t\t\t\t\t\t<div class=\"elementor-row\">\n\t\t\t\t\t<div class=\"elementor-column elementor-col-100 elementor-top-column elementor-element elementor-element-76a01438\" data-id=\"76a01438\" data-element_type=\"column\">\n\t\t\t<div class=\"elementor-column-wrap elementor-element-populated\">\n\t\t\t\t\t\t\t<div class=\"elementor-widget-wrap\">\n\t\t\t\t\t\t<div class=\"elementor-element elementor-element-1b439fde elementor-widget elementor-widget-heading\" data-id=\"1b439fde\" data-element_type=\"widget\" data-widget_type=\"heading.default\">\n\t\t\t\t<div class=\"elementor-widget-container\">\n\t\t\t<h2 class=\"elementor-heading-title elementor-size-default\">gy.i.k.<\/h2>\t\t<\/div>\n\t\t\t\t<\/div>\n\t\t\t\t\t\t<\/div>\n\t\t\t\t\t<\/div>\n\t\t<\/div>\n\t\t\t\t\t\t\t\t<\/div>\n\t\t\t\t\t<\/div>\n\t\t<\/section>\n\t\t\t\t<section class=\"elementor-section elementor-top-section elementor-element elementor-element-c4888a5 elementor-section-boxed elementor-section-height-default elementor-section-height-default\" data-id=\"c4888a5\" data-element_type=\"section\" data-settings=\"{&quot;background_background&quot;:&quot;classic&quot;}\">\n\t\t\t\t\t\t<div class=\"elementor-container elementor-column-gap-default\">\n\t\t\t\t\t\t\t<div class=\"elementor-row\">\n\t\t\t\t\t<div class=\"elementor-column elementor-col-100 elementor-top-column elementor-element elementor-element-4f1da25\" data-id=\"4f1da25\" data-element_type=\"column\">\n\t\t\t<div class=\"elementor-column-wrap elementor-element-populated\">\n\t\t\t\t\t\t\t<div class=\"elementor-widget-wrap\">\n\t\t\t\t\t\t<div class=\"elementor-element elementor-element-d002369 elementor-widget elementor-widget-spacer\" data-id=\"d002369\" data-element_type=\"widget\" data-widget_type=\"spacer.default\">\n\t\t\t\t<div class=\"elementor-widget-container\">\n\t\t\t\t\t<div class=\"elementor-spacer\">\n\t\t\t<div class=\"elementor-spacer-inner\"><\/div>\n\t\t<\/div>\n\t\t\t\t<\/div>\n\t\t\t\t<\/div>\n\t\t\t\t<div class=\"elementor-element elementor-element-61f068c elementor-widget elementor-widget-heading\" data-id=\"61f068c\" data-element_type=\"widget\" data-widget_type=\"heading.default\">\n\t\t\t\t<div class=\"elementor-widget-container\">\n\t\t\t<h2 class=\"elementor-heading-title elementor-size-default\">Gyakran Ism\u00e9telt K\u00e9rd\u00e9sek<\/h2>\t\t<\/div>\n\t\t\t\t<\/div>\n\t\t\t\t\t\t<\/div>\n\t\t\t\t\t<\/div>\n\t\t<\/div>\n\t\t\t\t\t\t\t\t<\/div>\n\t\t\t\t\t<\/div>\n\t\t<\/section>\n\t\t\t\t<section class=\"elementor-section elementor-top-section elementor-element elementor-element-3bc692e elementor-section-boxed elementor-section-height-default elementor-section-height-default\" data-id=\"3bc692e\" data-element_type=\"section\" data-settings=\"{&quot;background_background&quot;:&quot;classic&quot;}\">\n\t\t\t\t\t\t<div class=\"elementor-container elementor-column-gap-default\">\n\t\t\t\t\t\t\t<div class=\"elementor-row\">\n\t\t\t\t\t<div class=\"elementor-column elementor-col-100 elementor-top-column elementor-element elementor-element-a2cd58c\" data-id=\"a2cd58c\" data-element_type=\"column\">\n\t\t\t<div class=\"elementor-column-wrap elementor-element-populated\">\n\t\t\t\t\t\t\t<div class=\"elementor-widget-wrap\">\n\t\t\t\t\t\t<div class=\"elementor-element elementor-element-02912f3 elementor-widget elementor-widget-bdt-accordion\" data-id=\"02912f3\" data-element_type=\"widget\" data-widget_type=\"bdt-accordion.default\">\n\t\t\t\t<div class=\"elementor-widget-container\">\n\t\t\t      <div class=\"bdt-accordion-container\">\r\n        <div id=\"bdt-accordion-02912f3\" class=\"bdt-accordion\" bdt-accordion=\"{&quot;collapsible&quot;:true,&quot;multiple&quot;:false,&quot;transition&quot;:&quot;ease-in-out&quot;}\" data-settings=\"{&quot;id&quot;:&quot;bdt-accordion-02912f3&quot;,&quot;activeHash&quot;:&quot;&quot;,&quot;activeScrollspy&quot;:null,&quot;hashTopOffset&quot;:null,&quot;hashScrollspyTime&quot;:null}\">\r\n                      <div class=\"bdt-accordion-item\">\r\n            <div \r\n                class=\"bdt-accordion-title bdt-flex bdt-flex-middle bdt-flex-between\"                id=\"bdt-accordion-mennyire-romantikus\" \r\n                data-accordion-index=\"0\" \r\n                data-title=\"mennyire-romantikus\" >\r\n\r\n                              <span class=\"bdt-accordion-icon bdt-flex-align-right\"\r\n                      aria-hidden=\"true\">\r\n\r\n\t\t\t\t                  <span class=\"bdt-accordion-icon-closed\">\r\n\t\t\t\t\t\t<i aria-hidden=\"true\" class=\"fa-fw fas fa-chevron-down\"><\/i>\t\t\t\t\t\t<\/span>\r\n                \r\n                                          <span class=\"bdt-accordion-icon-opened\">\r\n\t\t\t\t\t\t\t\t\t<i aria-hidden=\"true\" class=\"fa-fw fas fa-chevron-up\"><\/i>\t\t\t\t\t\t\t\t\t<\/span>\r\n                    \r\n\t\t\t\t\t\t\t<\/span>\r\n                            Mennyire romantikus?\r\n          <\/div>\r\n          <div class=\"bdt-accordion-content\">\r\n              <p>Mint egy sz\u00e1lloda, hisz az is vagyunk.\u00a0<\/p><p><span style=\"color: #ff0000;\"><strong>Figyelem! Fot\u00f3 \u00e9s vide\u00f3 nem k\u00e9sz\u00edthet\u0151 az \u00edr\u00e1sos hozz\u00e1j\u00e1rul\u00e1sunk n\u00e9lk\u00fcl!<\/strong><\/span><\/p>          <\/div>\r\n        <\/div>\r\n                    <div class=\"bdt-accordion-item\">\r\n            <div \r\n                class=\"bdt-accordion-title bdt-flex bdt-flex-middle bdt-flex-between\"                id=\"bdt-accordion-kizrlag-prommal-jhetek\" \r\n                data-accordion-index=\"1\" \r\n                data-title=\"kiz-r-lag-p-rommal-j-hetek\" >\r\n\r\n                              <span class=\"bdt-accordion-icon bdt-flex-align-right\"\r\n                      aria-hidden=\"true\">\r\n\r\n\t\t\t\t                  <span class=\"bdt-accordion-icon-closed\">\r\n\t\t\t\t\t\t<i aria-hidden=\"true\" class=\"fa-fw fas fa-chevron-down\"><\/i>\t\t\t\t\t\t<\/span>\r\n                \r\n                                          <span class=\"bdt-accordion-icon-opened\">\r\n\t\t\t\t\t\t\t\t\t<i aria-hidden=\"true\" class=\"fa-fw fas fa-chevron-up\"><\/i>\t\t\t\t\t\t\t\t\t<\/span>\r\n                    \r\n\t\t\t\t\t\t\t<\/span>\r\n                            Kiz\u00e1r\u00f3lag p\u00e1rommal j\u00f6hetek?\r\n          <\/div>\r\n          <div class=\"bdt-accordion-content\">\r\n              <p>Kiz\u00e1r\u00f3lag p\u00e1roddal v\u00e1runk szeretettel, kettesben j\u00f6jjetek!<\/p>          <\/div>\r\n        <\/div>\r\n                    <div class=\"bdt-accordion-item\">\r\n            <div \r\n                class=\"bdt-accordion-title bdt-flex bdt-flex-middle bdt-flex-between\"                id=\"bdt-accordion-hogyan-fizethetnk\" \r\n                data-accordion-index=\"2\" \r\n                data-title=\"hogyan-fizethet-nk\" >\r\n\r\n                              <span class=\"bdt-accordion-icon bdt-flex-align-right\"\r\n                      aria-hidden=\"true\">\r\n\r\n\t\t\t\t                  <span class=\"bdt-accordion-icon-closed\">\r\n\t\t\t\t\t\t<i aria-hidden=\"true\" class=\"fa-fw fas fa-chevron-down\"><\/i>\t\t\t\t\t\t<\/span>\r\n                \r\n                                          <span class=\"bdt-accordion-icon-opened\">\r\n\t\t\t\t\t\t\t\t\t<i aria-hidden=\"true\" class=\"fa-fw fas fa-chevron-up\"><\/i>\t\t\t\t\t\t\t\t\t<\/span>\r\n                    \r\n\t\t\t\t\t\t\t<\/span>\r\n                            Hogyan fizethet\u00fcnk?\r\n          <\/div>\r\n          <div class=\"bdt-accordion-content\">\r\n              <p>K\u00e9szp\u00e9nzben, bankk\u00e1rty\u00e1val (online fel\u00fclet\u00fcnk\u00f6n) \u00e9s SZ\u00c9P k\u00e1rty\u00e1val.\u00a0<\/p>          <\/div>\r\n        <\/div>\r\n                    <div class=\"bdt-accordion-item\">\r\n            <div \r\n                class=\"bdt-accordion-title bdt-flex bdt-flex-middle bdt-flex-between\"                id=\"bdt-accordion-igaz-hogy-szp-krtyt-is-elfogadtok\" \r\n                data-accordion-index=\"3\" \r\n                data-title=\"igaz-hogy-sz-p-k-rty-t-is-elfogadtok\" >\r\n\r\n                              <span class=\"bdt-accordion-icon bdt-flex-align-right\"\r\n                      aria-hidden=\"true\">\r\n\r\n\t\t\t\t                  <span class=\"bdt-accordion-icon-closed\">\r\n\t\t\t\t\t\t<i aria-hidden=\"true\" class=\"fa-fw fas fa-chevron-down\"><\/i>\t\t\t\t\t\t<\/span>\r\n                \r\n                                          <span class=\"bdt-accordion-icon-opened\">\r\n\t\t\t\t\t\t\t\t\t<i aria-hidden=\"true\" class=\"fa-fw fas fa-chevron-up\"><\/i>\t\t\t\t\t\t\t\t\t<\/span>\r\n                    \r\n\t\t\t\t\t\t\t<\/span>\r\n                            Igaz, hogy SZ\u00c9P k\u00e1rty\u00e1t is elfogadtok?\r\n          <\/div>\r\n          <div class=\"bdt-accordion-content\">\r\n              <p>Igen, SZ\u00c9P k\u00e1rty\u00e1val is fizethetsz n\u00e1lunk, el\u0151re k\u00e9rj\u00fck a t\u00e9r\u00edt\u00e9st. OTP SZ\u00c9P, K&amp;H SZ\u00c9P, MKB SZ\u00c9P k\u00e1rtya mindh\u00e1rom zseb\u00e9t elfogadjuk. K\u00e9rlek SZ\u00c9P k\u00e1rty\u00e1s fizet\u00e9si ig\u00e9nyed a foglal\u00e1skor jelezd, \u00e9rkez\u00e9s el\u0151tt egyenl\u00edtsd ki.<\/p>          <\/div>\r\n        <\/div>\r\n                    <div class=\"bdt-accordion-item\">\r\n            <div \r\n                class=\"bdt-accordion-title bdt-flex bdt-flex-middle bdt-flex-between\"                id=\"bdt-accordion-ott-hagytunk-valamit-mi-a-teend\" \r\n                data-accordion-index=\"4\" \r\n                data-title=\"ott-hagytunk-valamit-mi-a-teend\" >\r\n\r\n                              <span class=\"bdt-accordion-icon bdt-flex-align-right\"\r\n                      aria-hidden=\"true\">\r\n\r\n\t\t\t\t                  <span class=\"bdt-accordion-icon-closed\">\r\n\t\t\t\t\t\t<i aria-hidden=\"true\" class=\"fa-fw fas fa-chevron-down\"><\/i>\t\t\t\t\t\t<\/span>\r\n                \r\n                                          <span class=\"bdt-accordion-icon-opened\">\r\n\t\t\t\t\t\t\t\t\t<i aria-hidden=\"true\" class=\"fa-fw fas fa-chevron-up\"><\/i>\t\t\t\t\t\t\t\t\t<\/span>\r\n                    \r\n\t\t\t\t\t\t\t<\/span>\r\n                            Ott hagytunk valamit, mi a teend\u0151?\r\n          <\/div>\r\n          <div class=\"bdt-accordion-content\">\r\n              <p>1 h\u00e9ten bel\u00fcl gyertek \u00e9rte, tov\u00e1bb nem \u0151rizz\u00fck meg az itt maradt holmit. \u00cdrjatok, h\u00edvjatok benn\u00fcnket.<\/p>          <\/div>\r\n        <\/div>\r\n                <\/div>\r\n      <\/div>\r\n        \t\t<\/div>\n\t\t\t\t<\/div>\n\t\t\t\t<div class=\"elementor-element elementor-element-3a6dceb elementor-widget elementor-widget-spacer\" data-id=\"3a6dceb\" data-element_type=\"widget\" data-widget_type=\"spacer.default\">\n\t\t\t\t<div class=\"elementor-widget-container\">\n\t\t\t\t\t<div class=\"elementor-spacer\">\n\t\t\t<div class=\"elementor-spacer-inner\"><\/div>\n\t\t<\/div>\n\t\t\t\t<\/div>\n\t\t\t\t<\/div>\n\t\t\t\t\t\t<\/div>\n\t\t\t\t\t<\/div>\n\t\t<\/div>\n\t\t\t\t\t\t\t\t<\/div>\n\t\t\t\t\t<\/div>\n\t\t<\/section>\n\t\t\t\t\t\t<\/div>\n\t\t\t\t\t\t<\/div>\n\t\t\t\t\t<\/div>\n\t\t","protected":false},"excerpt":{"rendered":"<p>gy.i.k. Gyakran Ism\u00e9telt K\u00e9rd\u00e9sek Mennyire romantikus? Mint egy sz\u00e1lloda, hisz az is vagyunk.\u00a0 Figyelem! Fot\u00f3 \u00e9s vide\u00f3 nem k\u00e9sz\u00edthet\u0151 az \u00edr\u00e1sos hozz\u00e1j\u00e1rul\u00e1sunk n\u00e9lk\u00fcl! Kiz\u00e1r\u00f3lag p\u00e1rommal j\u00f6hetek? Kiz\u00e1r\u00f3lag p\u00e1roddal v\u00e1runk szeretettel, kettesben j\u00f6jjetek! Hogyan fizethet\u00fcnk? K\u00e9szp\u00e9nzben, bankk\u00e1rty\u00e1val (online fel\u00fclet\u00fcnk\u00f6n) \u00e9s SZ\u00c9P k\u00e1rty\u00e1val.\u00a0 Igaz, hogy SZ\u00c9P k\u00e1rty\u00e1t is elfogadtok? Igen, SZ\u00c9P k\u00e1rty\u00e1val is fizethetsz n\u00e1lunk, el\u0151re k\u00e9rj\u00fck &#8230; <a title=\"GY.I.K\" class=\"read-more\" href=\"https:\/\/romantikus-ajandek.hu\/mentes\/gy-i-k\/\" aria-label=\"More on GY.I.K\">Read more<\/a><\/p>\n","protected":false},"author":1,"featured_media":0,"parent":0,"menu_order":0,"comment_status":"closed","ping_status":"closed","template":"elementor_header_footer","meta":[],"_links":{"self":[{"href":"https:\/\/romantikus-ajandek.hu\/mentes\/wp-json\/wp\/v2\/pages\/22"}],"collection":[{"href":"https:\/\/romantikus-ajandek.hu\/mentes\/wp-json\/wp\/v2\/pages"}],"about":[{"href":"https:\/\/romantikus-ajandek.hu\/mentes\/wp-json\/wp\/v2\/types\/page"}],"author":[{"embeddable":true,"href":"https:\/\/romantikus-ajandek.hu\/mentes\/wp-json\/wp\/v2\/users\/1"}],"replies":[{"embeddable":true,"href":"https:\/\/romantikus-ajandek.hu\/mentes\/wp-json\/wp\/v2\/comments?post=22"}],"version-history":[{"count":27,"href":"https:\/\/romantikus-ajandek.hu\/mentes\/wp-json\/wp\/v2\/pages\/22\/revisions"}],"predecessor-version":[{"id":1184,"href":"https:\/\/romantikus-ajandek.hu\/mentes\/wp-json\/wp\/v2\/pages\/22\/revisions\/1184"}],"wp:attachment":[{"href":"https:\/\/romantikus-ajandek.hu\/mentes\/wp-json\/wp\/v2\/media?parent=22"}],"curies":[{"name":"wp","href":"https:\/\/api.w.org\/{rel}","templated":true}]}}