{"id":1652,"date":"2022-05-12T18:28:41","date_gmt":"2022-05-12T16:28:41","guid":{"rendered":"https:\/\/romantikus-ajandek.hu\/?page_id=1652"},"modified":"2022-05-16T22:17:27","modified_gmt":"2022-05-16T20:17:27","slug":"impresszum","status":"publish","type":"page","link":"https:\/\/romantikus-ajandek.hu\/mentes\/impresszum\/","title":{"rendered":"Impresszum"},"content":{"rendered":"\t\t<div data-elementor-type=\"wp-page\" data-elementor-id=\"1652\" class=\"elementor elementor-1652\" data-elementor-settings=\"[]\">\n\t\t\t\t\t\t<div class=\"elementor-inner\">\n\t\t\t\t\t\t\t<div class=\"elementor-section-wrap\">\n\t\t\t\t\t\t\t<section class=\"elementor-section elementor-top-section elementor-element elementor-element-802808e elementor-section-boxed elementor-section-height-default elementor-section-height-default\" data-id=\"802808e\" data-element_type=\"section\">\n\t\t\t\t\t\t<div class=\"elementor-container elementor-column-gap-default\">\n\t\t\t\t\t\t\t<div class=\"elementor-row\">\n\t\t\t\t\t<div class=\"elementor-column elementor-col-100 elementor-top-column elementor-element elementor-element-fa5f79c\" data-id=\"fa5f79c\" data-element_type=\"column\">\n\t\t\t<div class=\"elementor-column-wrap elementor-element-populated\">\n\t\t\t\t\t\t\t<div class=\"elementor-widget-wrap\">\n\t\t\t\t\t\t<div class=\"elementor-element elementor-element-0e302b6 elementor-widget elementor-widget-text-editor\" data-id=\"0e302b6\" data-element_type=\"widget\" data-widget_type=\"text-editor.default\">\n\t\t\t\t<div class=\"elementor-widget-container\">\n\t\t\t\t\t<div class=\"elementor-text-editor elementor-clearfix\"><p class=\"p1\">C\u00e9gn\u00e9v: Super Invest Kft<\/p><p class=\"p1\">C\u00edm: 5700 Gyula, J\u00f3kai u. 9-11.<\/p><p class=\"p1\">Telefon: +36-30-599 50 58<\/p><p class=\"p1\">E-mail: szallasfoglalas@gyulai-szallas.hu<\/p><p class=\"p1\">Internet: romantikus-ajandek.hu<\/p><p class=\"p1\">A c\u00e9get bejegyz\u0151 hat\u00f3s\u00e1g: F\u0151v\u00e1rosi C\u00e9gb\u00edr\u00f3s\u00e1g<\/p><p class=\"p1\">C\u00e9gjegyz\u00e9ksz\u00e1m: 04-09-000895<\/p><p class=\"p1\">Ad\u00f3sz\u00e1m: 10235234-2-04<\/p><p class=\"p1\">Hat\u00f3s\u00e1gi enged\u00e9ly: 123456<\/p><p class=\"p1\">Kamara: Budapesti Kereskedelmi \u00e9s Iparkamara (BKIK)<\/p><p class=\"p1\">T\u00e1rhelyszolg\u00e1ltat\u00f3:<\/p><p class=\"p1\">\u00d6kr\u00f6s B\u00e9la EV<br \/>5525 F\u00fczesgyarmat, Baross u. 51.<br \/>Telefon: +36-66\/651-931<br \/>FAX: +36-66\/737-725<br \/><a href=\"mailto:info@weblap-tarhely.hu\">info@weblap-tarhely.hu<\/a><br \/><a href=\"https:\/\/weblap-tarhely.hu\/\">weblap-tarhely.hu<\/a><\/p><\/div>\n\t\t\t\t<\/div>\n\t\t\t\t<\/div>\n\t\t\t\t\t\t<\/div>\n\t\t\t\t\t<\/div>\n\t\t<\/div>\n\t\t\t\t\t\t\t\t<\/div>\n\t\t\t\t\t<\/div>\n\t\t<\/section>\n\t\t\t\t\t\t<\/div>\n\t\t\t\t\t\t<\/div>\n\t\t\t\t\t<\/div>\n\t\t","protected":false},"excerpt":{"rendered":"<p>C\u00e9gn\u00e9v: Super Invest Kft C\u00edm: 5700 Gyula, J\u00f3kai u. 9-11. Telefon: +36-30-599 50 58 E-mail: szallasfoglalas@gyulai-szallas.hu Internet: romantikus-ajandek.hu A c\u00e9get bejegyz\u0151 hat\u00f3s\u00e1g: F\u0151v\u00e1rosi C\u00e9gb\u00edr\u00f3s\u00e1g C\u00e9gjegyz\u00e9ksz\u00e1m: 04-09-000895 Ad\u00f3sz\u00e1m: 10235234-2-04 Hat\u00f3s\u00e1gi enged\u00e9ly: 123456 Kamara: Budapesti Kereskedelmi \u00e9s Iparkamara (BKIK) T\u00e1rhelyszolg\u00e1ltat\u00f3: \u00d6kr\u00f6s B\u00e9la EV5525 F\u00fczesgyarmat, Baross u. 51.Telefon: +36-66\/651-931FAX: +36-66\/737-725info@weblap-tarhely.huweblap-tarhely.hu<\/p>\n","protected":false},"author":2,"featured_media":0,"parent":0,"menu_order":0,"comment_status":"closed","ping_status":"closed","template":"elementor_header_footer","meta":[],"_links":{"self":[{"href":"https:\/\/romantikus-ajandek.hu\/mentes\/wp-json\/wp\/v2\/pages\/1652"}],"collection":[{"href":"https:\/\/romantikus-ajandek.hu\/mentes\/wp-json\/wp\/v2\/pages"}],"about":[{"href":"https:\/\/romantikus-ajandek.hu\/mentes\/wp-json\/wp\/v2\/types\/page"}],"author":[{"embeddable":true,"href":"https:\/\/romantikus-ajandek.hu\/mentes\/wp-json\/wp\/v2\/users\/2"}],"replies":[{"embeddable":true,"href":"https:\/\/romantikus-ajandek.hu\/mentes\/wp-json\/wp\/v2\/comments?post=1652"}],"version-history":[{"count":13,"href":"https:\/\/romantikus-ajandek.hu\/mentes\/wp-json\/wp\/v2\/pages\/1652\/revisions"}],"predecessor-version":[{"id":1900,"href":"https:\/\/romantikus-ajandek.hu\/mentes\/wp-json\/wp\/v2\/pages\/1652\/revisions\/1900"}],"wp:attachment":[{"href":"https:\/\/romantikus-ajandek.hu\/mentes\/wp-json\/wp\/v2\/media?parent=1652"}],"curies":[{"name":"wp","href":"https:\/\/api.w.org\/{rel}","templated":true}]}}