{"id":1392,"date":"2022-05-04T09:23:31","date_gmt":"2022-05-04T07:23:31","guid":{"rendered":"https:\/\/romantikus-ajandek.hu\/?page_id=1392"},"modified":"2022-05-16T21:30:57","modified_gmt":"2022-05-16T19:30:57","slug":"szallas-felpanzioval","status":"publish","type":"page","link":"https:\/\/romantikus-ajandek.hu\/mentes\/szallas-felpanzioval\/","title":{"rendered":"Sz\u00e1ll\u00e1s f\u00e9lpanzi\u00f3val"},"content":{"rendered":"\t\t<div data-elementor-type=\"wp-page\" data-elementor-id=\"1392\" class=\"elementor elementor-1392\" data-elementor-settings=\"[]\">\n\t\t\t\t\t\t<div class=\"elementor-inner\">\n\t\t\t\t\t\t\t<div class=\"elementor-section-wrap\">\n\t\t\t\t\t\t\t<section class=\"elementor-section elementor-top-section elementor-element elementor-element-479df3b7 elementor-section-boxed elementor-section-height-default elementor-section-height-default\" data-id=\"479df3b7\" data-element_type=\"section\" data-settings=\"{&quot;background_background&quot;:&quot;classic&quot;}\">\n\t\t\t\t\t\t\t<div class=\"elementor-background-overlay\"><\/div>\n\t\t\t\t\t\t\t<div class=\"elementor-container elementor-column-gap-default\">\n\t\t\t\t\t\t\t<div class=\"elementor-row\">\n\t\t\t\t\t<div class=\"elementor-column elementor-col-100 elementor-top-column elementor-element elementor-element-36e9854b\" data-id=\"36e9854b\" data-element_type=\"column\">\n\t\t\t<div class=\"elementor-column-wrap elementor-element-populated\">\n\t\t\t\t\t\t\t<div class=\"elementor-widget-wrap\">\n\t\t\t\t\t\t<div class=\"elementor-element elementor-element-6c1d9fde elementor-widget elementor-widget-heading\" data-id=\"6c1d9fde\" data-element_type=\"widget\" data-widget_type=\"heading.default\">\n\t\t\t\t<div class=\"elementor-widget-container\">\n\t\t\t<h2 class=\"elementor-heading-title elementor-size-default\">SZ\u00c1LL\u00c1S F\u00c9LPANZI\u00d3VAL<\/h2>\t\t<\/div>\n\t\t\t\t<\/div>\n\t\t\t\t\t\t<\/div>\n\t\t\t\t\t<\/div>\n\t\t<\/div>\n\t\t\t\t\t\t\t\t<\/div>\n\t\t\t\t\t<\/div>\n\t\t<\/section>\n\t\t\t\t<section class=\"elementor-section elementor-top-section elementor-element elementor-element-6c449a73 elementor-section-boxed elementor-section-height-default elementor-section-height-default\" data-id=\"6c449a73\" data-element_type=\"section\">\n\t\t\t\t\t\t<div class=\"elementor-container elementor-column-gap-default\">\n\t\t\t\t\t\t\t<div class=\"elementor-row\">\n\t\t\t\t\t<div class=\"elementor-column elementor-col-50 elementor-top-column elementor-element elementor-element-5de38cf0\" data-id=\"5de38cf0\" data-element_type=\"column\">\n\t\t\t<div class=\"elementor-column-wrap elementor-element-populated\">\n\t\t\t\t\t\t\t<div class=\"elementor-widget-wrap\">\n\t\t\t\t\t\t<div class=\"elementor-element elementor-element-4a7f6bd0 elementor-widget elementor-widget-text-editor\" data-id=\"4a7f6bd0\" data-element_type=\"widget\" data-widget_type=\"text-editor.default\">\n\t\t\t\t<div class=\"elementor-widget-container\">\n\t\t\t\t\t<div class=\"elementor-text-editor elementor-clearfix\"><h2><strong>A romantika fontos, legy\u00e9l b\u00e1rmennyi \u00e9ves!<\/strong><\/h2><p>A kapcsolatotok elej\u00e9n vagytok, vagy m\u00e1r hossz\u00fa id\u0151t t\u00f6lt\u00f6ttetek egym\u00e1s mellet?<\/p><p>Akkor itt az alkalom kimozdulni \u00e9s elt\u00f6lteni egy p\u00e1r romantikus napot, hogy m\u00e9g jobban megismerj\u00e9tek, vagy \u00fajra felfedezz\u00e9tek egym\u00e1st. \ud83d\ude42<\/p><p>Szerelmeseknek sz\u00f3l\u00f3 szob\u00e1inkkal felejthetetlenn\u00e9 teheted az itt t\u00f6lt\u00f6tt napokat!<\/p><\/div>\n\t\t\t\t<\/div>\n\t\t\t\t<\/div>\n\t\t\t\t\t\t<\/div>\n\t\t\t\t\t<\/div>\n\t\t<\/div>\n\t\t\t\t<div class=\"elementor-column elementor-col-50 elementor-top-column elementor-element elementor-element-695ca778\" data-id=\"695ca778\" data-element_type=\"column\">\n\t\t\t<div class=\"elementor-column-wrap elementor-element-populated\">\n\t\t\t\t\t\t\t<div class=\"elementor-widget-wrap\">\n\t\t\t\t\t\t<div class=\"elementor-element elementor-element-6e89646b elementor-widget elementor-widget-image\" data-id=\"6e89646b\" data-element_type=\"widget\" data-widget_type=\"image.default\">\n\t\t\t\t<div class=\"elementor-widget-container\">\n\t\t\t\t\t<div class=\"elementor-image\">\n\t\t\t\t\t\t\t\t\t\t<img width=\"800\" height=\"484\" src=\"https:\/\/romantikus-ajandek.hu\/mentes\/wp-content\/uploads\/2022\/05\/2_romantikus_ajandek_szerelem_luxuskivitelben.jpg\" class=\"attachment-large size-large\" alt=\"\" loading=\"lazy\" srcset=\"https:\/\/romantikus-ajandek.hu\/mentes\/wp-content\/uploads\/2022\/05\/2_romantikus_ajandek_szerelem_luxuskivitelben.jpg 800w, https:\/\/romantikus-ajandek.hu\/mentes\/wp-content\/uploads\/2022\/05\/2_romantikus_ajandek_szerelem_luxuskivitelben-300x182.jpg 300w, https:\/\/romantikus-ajandek.hu\/mentes\/wp-content\/uploads\/2022\/05\/2_romantikus_ajandek_szerelem_luxuskivitelben-768x465.jpg 768w\" sizes=\"(max-width: 800px) 100vw, 800px\" \/>\t\t\t\t\t\t\t\t\t\t\t<\/div>\n\t\t\t\t<\/div>\n\t\t\t\t<\/div>\n\t\t\t\t\t\t<\/div>\n\t\t\t\t\t<\/div>\n\t\t<\/div>\n\t\t\t\t\t\t\t\t<\/div>\n\t\t\t\t\t<\/div>\n\t\t<\/section>\n\t\t\t\t<section class=\"elementor-section elementor-top-section elementor-element elementor-element-58dadd82 elementor-section-boxed elementor-section-height-default elementor-section-height-default\" data-id=\"58dadd82\" data-element_type=\"section\">\n\t\t\t\t\t\t<div class=\"elementor-container elementor-column-gap-default\">\n\t\t\t\t\t\t\t<div class=\"elementor-row\">\n\t\t\t\t\t<div class=\"elementor-column elementor-col-16 elementor-top-column elementor-element elementor-element-76c422dd\" data-id=\"76c422dd\" data-element_type=\"column\">\n\t\t\t<div class=\"elementor-column-wrap\">\n\t\t\t\t\t\t\t<div class=\"elementor-widget-wrap\">\n\t\t\t\t\t\t\t\t<\/div>\n\t\t\t\t\t<\/div>\n\t\t<\/div>\n\t\t\t\t<div class=\"elementor-column elementor-col-66 elementor-top-column elementor-element elementor-element-73df7642\" data-id=\"73df7642\" data-element_type=\"column\" data-settings=\"{&quot;background_background&quot;:&quot;classic&quot;}\">\n\t\t\t<div class=\"elementor-column-wrap elementor-element-populated\">\n\t\t\t\t\t\t\t<div class=\"elementor-widget-wrap\">\n\t\t\t\t\t\t<div class=\"elementor-element elementor-element-175a9d6 elementor-widget elementor-widget-text-editor\" data-id=\"175a9d6\" data-element_type=\"widget\" data-widget_type=\"text-editor.default\">\n\t\t\t\t<div class=\"elementor-widget-container\">\n\t\t\t\t\t<div class=\"elementor-text-editor elementor-clearfix\"><p style=\"text-align: center;\"><strong>3 nap\/2 \u00e9jszak\u00e1s romantikus aj\u00e1nlat<\/strong><br \/><strong>59.900,-Ft\/2 \u00e9j<\/strong><br \/><strong>\u00e1ron sv\u00e9dasztalos f\u00e9lpanzi\u00f3s ell\u00e1t\u00e1ssal!<\/strong><\/p><\/div>\n\t\t\t\t<\/div>\n\t\t\t\t<\/div>\n\t\t\t\t\t\t<\/div>\n\t\t\t\t\t<\/div>\n\t\t<\/div>\n\t\t\t\t<div class=\"elementor-column elementor-col-16 elementor-top-column elementor-element elementor-element-24bb2567\" data-id=\"24bb2567\" data-element_type=\"column\">\n\t\t\t<div class=\"elementor-column-wrap\">\n\t\t\t\t\t\t\t<div class=\"elementor-widget-wrap\">\n\t\t\t\t\t\t\t\t<\/div>\n\t\t\t\t\t<\/div>\n\t\t<\/div>\n\t\t\t\t\t\t\t\t<\/div>\n\t\t\t\t\t<\/div>\n\t\t<\/section>\n\t\t\t\t<section class=\"elementor-section elementor-top-section elementor-element elementor-element-494a500d elementor-section-boxed elementor-section-height-default elementor-section-height-default\" data-id=\"494a500d\" data-element_type=\"section\">\n\t\t\t\t\t\t<div class=\"elementor-container elementor-column-gap-default\">\n\t\t\t\t\t\t\t<div class=\"elementor-row\">\n\t\t\t\t\t<div class=\"elementor-column elementor-col-100 elementor-top-column elementor-element elementor-element-63ff58c8\" data-id=\"63ff58c8\" data-element_type=\"column\">\n\t\t\t<div class=\"elementor-column-wrap elementor-element-populated\">\n\t\t\t\t\t\t\t<div class=\"elementor-widget-wrap\">\n\t\t\t\t\t\t<div class=\"elementor-element elementor-element-78f65cba elementor-widget-divider--view-line_icon elementor-view-default elementor-widget-divider--element-align-center elementor-widget elementor-widget-divider\" data-id=\"78f65cba\" data-element_type=\"widget\" data-widget_type=\"divider.default\">\n\t\t\t\t<div class=\"elementor-widget-container\">\n\t\t\t\t\t<div class=\"elementor-divider\">\n\t\t\t<span class=\"elementor-divider-separator\">\n\t\t\t\t\t\t\t<div class=\"elementor-icon elementor-divider__element\">\n\t\t\t\t\t<i aria-hidden=\"true\" class=\"far fa-heart\"><\/i><\/div>\n\t\t\t\t\t\t<\/span>\n\t\t<\/div>\n\t\t\t\t<\/div>\n\t\t\t\t<\/div>\n\t\t\t\t\t\t<\/div>\n\t\t\t\t\t<\/div>\n\t\t<\/div>\n\t\t\t\t\t\t\t\t<\/div>\n\t\t\t\t\t<\/div>\n\t\t<\/section>\n\t\t\t\t<section class=\"elementor-section elementor-top-section elementor-element elementor-element-a78cee1 elementor-section-boxed elementor-section-height-default elementor-section-height-default\" data-id=\"a78cee1\" data-element_type=\"section\">\n\t\t\t\t\t\t<div class=\"elementor-container elementor-column-gap-default\">\n\t\t\t\t\t\t\t<div class=\"elementor-row\">\n\t\t\t\t\t<div class=\"elementor-column elementor-col-50 elementor-top-column elementor-element elementor-element-67aee7c8\" data-id=\"67aee7c8\" data-element_type=\"column\">\n\t\t\t<div class=\"elementor-column-wrap elementor-element-populated\">\n\t\t\t\t\t\t\t<div class=\"elementor-widget-wrap\">\n\t\t\t\t\t\t<div class=\"elementor-element elementor-element-738f8170 elementor-widget elementor-widget-image\" data-id=\"738f8170\" data-element_type=\"widget\" data-widget_type=\"image.default\">\n\t\t\t\t<div class=\"elementor-widget-container\">\n\t\t\t\t\t<div class=\"elementor-image\">\n\t\t\t\t\t\t\t\t\t\t<img width=\"1024\" height=\"678\" src=\"https:\/\/romantikus-ajandek.hu\/mentes\/wp-content\/uploads\/2022\/04\/1_corvin_romanc_szoba.jpg\" class=\"attachment-large size-large\" alt=\"\" loading=\"lazy\" srcset=\"https:\/\/romantikus-ajandek.hu\/mentes\/wp-content\/uploads\/2022\/04\/1_corvin_romanc_szoba.jpg 1024w, https:\/\/romantikus-ajandek.hu\/mentes\/wp-content\/uploads\/2022\/04\/1_corvin_romanc_szoba-300x199.jpg 300w, https:\/\/romantikus-ajandek.hu\/mentes\/wp-content\/uploads\/2022\/04\/1_corvin_romanc_szoba-768x509.jpg 768w\" sizes=\"(max-width: 1024px) 100vw, 1024px\" \/>\t\t\t\t\t\t\t\t\t\t\t<\/div>\n\t\t\t\t<\/div>\n\t\t\t\t<\/div>\n\t\t\t\t\t\t<\/div>\n\t\t\t\t\t<\/div>\n\t\t<\/div>\n\t\t\t\t<div class=\"elementor-column elementor-col-50 elementor-top-column elementor-element elementor-element-1bfc9f8e\" data-id=\"1bfc9f8e\" data-element_type=\"column\">\n\t\t\t<div class=\"elementor-column-wrap elementor-element-populated\">\n\t\t\t\t\t\t\t<div class=\"elementor-widget-wrap\">\n\t\t\t\t\t\t<div class=\"elementor-element elementor-element-887015f elementor-widget elementor-widget-text-editor\" data-id=\"887015f\" data-element_type=\"widget\" data-widget_type=\"text-editor.default\">\n\t\t\t\t<div class=\"elementor-widget-container\">\n\t\t\t\t\t<div class=\"elementor-text-editor elementor-clearfix\"><h2><strong>Mit tartalmaz a csomag?<\/strong><\/h2><\/div>\n\t\t\t\t<\/div>\n\t\t\t\t<\/div>\n\t\t\t\t<div class=\"elementor-element elementor-element-253e3635 elementor-icon-list--layout-traditional elementor-list-item-link-full_width elementor-widget elementor-widget-icon-list\" data-id=\"253e3635\" data-element_type=\"widget\" data-widget_type=\"icon-list.default\">\n\t\t\t\t<div class=\"elementor-widget-container\">\n\t\t\t\t\t<ul class=\"elementor-icon-list-items\">\n\t\t\t\t\t\t\t<li class=\"elementor-icon-list-item\">\n\t\t\t\t\t\t\t\t\t\t\t<span class=\"elementor-icon-list-icon\">\n\t\t\t\t\t\t\t<i aria-hidden=\"true\" class=\"far fa-heart\"><\/i>\t\t\t\t\t\t<\/span>\n\t\t\t\t\t\t\t\t\t\t<span class=\"elementor-icon-list-text\">Sz\u00e1ll\u00e1s a Corvin Hotelben, romantikus szob\u00e1ban,<\/span>\n\t\t\t\t\t\t\t\t\t<\/li>\n\t\t\t\t\t\t\t\t<li class=\"elementor-icon-list-item\">\n\t\t\t\t\t\t\t\t\t\t\t<span class=\"elementor-icon-list-icon\">\n\t\t\t\t\t\t\t<i aria-hidden=\"true\" class=\"far fa-heart\"><\/i>\t\t\t\t\t\t<\/span>\n\t\t\t\t\t\t\t\t\t\t<span class=\"elementor-icon-list-text\">Sv\u00e9dasztalos reggeli <\/span>\n\t\t\t\t\t\t\t\t\t<\/li>\n\t\t\t\t\t\t\t\t<li class=\"elementor-icon-list-item\">\n\t\t\t\t\t\t\t\t\t\t\t<span class=\"elementor-icon-list-icon\">\n\t\t\t\t\t\t\t<i aria-hidden=\"true\" class=\"far fa-heart\"><\/i>\t\t\t\t\t\t<\/span>\n\t\t\t\t\t\t\t\t\t\t<span class=\"elementor-icon-list-text\">Sv\u00e9dasztalos vacsora,<\/span>\n\t\t\t\t\t\t\t\t\t<\/li>\n\t\t\t\t\t\t\t\t<li class=\"elementor-icon-list-item\">\n\t\t\t\t\t\t\t\t\t\t\t<span class=\"elementor-icon-list-icon\">\n\t\t\t\t\t\t\t<i aria-hidden=\"true\" class=\"far fa-heart\"><\/i>\t\t\t\t\t\t<\/span>\n\t\t\t\t\t\t\t\t\t\t<span class=\"elementor-icon-list-text\">Ingyenesen ig\u00e9nybe vehet\u0151 Wi-Fi szolg\u00e1ltat\u00e1s.<\/span>\n\t\t\t\t\t\t\t\t\t<\/li>\n\t\t\t\t\t\t\t\t<li class=\"elementor-icon-list-item\">\n\t\t\t\t\t\t\t\t\t\t\t<span class=\"elementor-icon-list-icon\">\n\t\t\t\t\t\t\t<i aria-hidden=\"true\" class=\"far fa-heart\"><\/i>\t\t\t\t\t\t<\/span>\n\t\t\t\t\t\t\t\t\t\t<span class=\"elementor-icon-list-text\">Aj\u00e1nlatunk p\u00e9nteki \u00e9s szombati \u00e9rkez\u00e9s eset\u00e9n 20.000 Ft fel\u00e1r ellen\u00e9ben vehet\u0151 ig\u00e9nybe<\/span>\n\t\t\t\t\t\t\t\t\t<\/li>\n\t\t\t\t\t\t<\/ul>\n\t\t\t\t<\/div>\n\t\t\t\t<\/div>\n\t\t\t\t<div class=\"elementor-element elementor-element-2a3714c2 elementor-widget elementor-widget-text-editor\" data-id=\"2a3714c2\" data-element_type=\"widget\" data-widget_type=\"text-editor.default\">\n\t\t\t\t<div class=\"elementor-widget-container\">\n\t\t\t\t\t<div class=\"elementor-text-editor elementor-clearfix\"><h3><strong>K\u00e9rhetsz extra szolg\u00e1ltat\u00e1st is recepci\u00f3nkon<\/strong><\/h3><\/div>\n\t\t\t\t<\/div>\n\t\t\t\t<\/div>\n\t\t\t\t<div class=\"elementor-element elementor-element-7bcf771c elementor-icon-list--layout-traditional elementor-list-item-link-full_width elementor-widget elementor-widget-icon-list\" data-id=\"7bcf771c\" data-element_type=\"widget\" data-widget_type=\"icon-list.default\">\n\t\t\t\t<div class=\"elementor-widget-container\">\n\t\t\t\t\t<ul class=\"elementor-icon-list-items\">\n\t\t\t\t\t\t\t<li class=\"elementor-icon-list-item\">\n\t\t\t\t\t\t\t\t\t\t\t<span class=\"elementor-icon-list-icon\">\n\t\t\t\t\t\t\t<i aria-hidden=\"true\" class=\"far fa-heart\"><\/i>\t\t\t\t\t\t<\/span>\n\t\t\t\t\t\t\t\t\t\t<span class=\"elementor-icon-list-text\">1 \u00f3r\u00e1s priv\u00e1t Corvin SPA (4.000,-Ft\/\u00f3ra)<\/span>\n\t\t\t\t\t\t\t\t\t<\/li>\n\t\t\t\t\t\t\t\t<li class=\"elementor-icon-list-item\">\n\t\t\t\t\t\t\t\t\t\t\t<span class=\"elementor-icon-list-icon\">\n\t\t\t\t\t\t\t<i aria-hidden=\"true\" class=\"far fa-heart\"><\/i>\t\t\t\t\t\t<\/span>\n\t\t\t\t\t\t\t\t\t\t<span class=\"elementor-icon-list-text\">F\u00fcrd\u0151k\u00f6nt\u00f6s \u00e9s wellness-t\u00f6r\u00f6lk\u00f6z\u0151 biztos\u00edt\u00e1sa<\/span>\n\t\t\t\t\t\t\t\t\t<\/li>\n\t\t\t\t\t\t<\/ul>\n\t\t\t\t<\/div>\n\t\t\t\t<\/div>\n\t\t\t\t\t\t<\/div>\n\t\t\t\t\t<\/div>\n\t\t<\/div>\n\t\t\t\t\t\t\t\t<\/div>\n\t\t\t\t\t<\/div>\n\t\t<\/section>\n\t\t\t\t<section class=\"elementor-section elementor-top-section elementor-element elementor-element-31c6318e elementor-section-height-min-height elementor-section-boxed elementor-section-height-default elementor-section-items-middle\" data-id=\"31c6318e\" data-element_type=\"section\" data-settings=\"{&quot;background_background&quot;:&quot;gradient&quot;}\">\n\t\t\t\t\t\t<div class=\"elementor-container elementor-column-gap-default\">\n\t\t\t\t\t\t\t<div class=\"elementor-row\">\n\t\t\t\t\t<div class=\"elementor-column elementor-col-50 elementor-top-column elementor-element elementor-element-751db4ce\" data-id=\"751db4ce\" data-element_type=\"column\">\n\t\t\t<div class=\"elementor-column-wrap elementor-element-populated\">\n\t\t\t\t\t\t\t<div class=\"elementor-widget-wrap\">\n\t\t\t\t\t\t<div class=\"elementor-element elementor-element-19ffe8a2 elementor-widget elementor-widget-heading\" data-id=\"19ffe8a2\" data-element_type=\"widget\" data-widget_type=\"heading.default\">\n\t\t\t\t<div class=\"elementor-widget-container\">\n\t\t\t<h2 class=\"elementor-heading-title elementor-size-default\"><a href=\"https:\/\/nethotelbooking.net\/hotels\/corvin-hotel\/code=romantikus-ajandek#OMQY1X0FP8I7U26YLP27W2YQTGSVU7OATNXT\"> Sz\u00e1ll\u00e1sfoglal\u00e1s \u00e9s \u00e1rkalkul\u00e1ci\u00f3!<\/a><\/h2>\t\t<\/div>\n\t\t\t\t<\/div>\n\t\t\t\t\t\t<\/div>\n\t\t\t\t\t<\/div>\n\t\t<\/div>\n\t\t\t\t<div class=\"elementor-column elementor-col-50 elementor-top-column elementor-element elementor-element-56c4f4e0\" data-id=\"56c4f4e0\" data-element_type=\"column\">\n\t\t\t<div class=\"elementor-column-wrap elementor-element-populated\">\n\t\t\t\t\t\t\t<div class=\"elementor-widget-wrap\">\n\t\t\t\t\t\t<div class=\"elementor-element elementor-element-1ad58882 elementor-mobile-align-left elementor-align-center elementor-widget elementor-widget-button\" data-id=\"1ad58882\" data-element_type=\"widget\" data-widget_type=\"button.default\">\n\t\t\t\t<div class=\"elementor-widget-container\">\n\t\t\t\t\t<div class=\"elementor-button-wrapper\">\n\t\t\t<a href=\"https:\/\/nethotelbooking.net\/hotels\/corvin-hotel\/code=romantikus-ajandek#OMQY1X0FP8I7U26YLP27W2YQTGSVU7OATNXT\" class=\"elementor-button-link elementor-button elementor-size-sm\" role=\"button\">\n\t\t\t\t\t\t<span class=\"elementor-button-content-wrapper\">\n\t\t\t\t\t\t<span class=\"elementor-button-text\">Megn\u00e9zem<\/span>\n\t\t<\/span>\n\t\t\t\t\t<\/a>\n\t\t<\/div>\n\t\t\t\t<\/div>\n\t\t\t\t<\/div>\n\t\t\t\t\t\t<\/div>\n\t\t\t\t\t<\/div>\n\t\t<\/div>\n\t\t\t\t\t\t\t\t<\/div>\n\t\t\t\t\t<\/div>\n\t\t<\/section>\n\t\t\t\t\t\t<\/div>\n\t\t\t\t\t\t<\/div>\n\t\t\t\t\t<\/div>\n\t\t","protected":false},"excerpt":{"rendered":"<p>SZ\u00c1LL\u00c1S F\u00c9LPANZI\u00d3VAL A romantika fontos, legy\u00e9l b\u00e1rmennyi \u00e9ves! A kapcsolatotok elej\u00e9n vagytok, vagy m\u00e1r hossz\u00fa id\u0151t t\u00f6lt\u00f6ttetek egym\u00e1s mellet? Akkor itt az alkalom kimozdulni \u00e9s elt\u00f6lteni egy p\u00e1r romantikus napot, hogy m\u00e9g jobban megismerj\u00e9tek, vagy \u00fajra felfedezz\u00e9tek egym\u00e1st. \ud83d\ude42 Szerelmeseknek sz\u00f3l\u00f3 szob\u00e1inkkal felejthetetlenn\u00e9 teheted az itt t\u00f6lt\u00f6tt napokat! 3 nap\/2 \u00e9jszak\u00e1s romantikus aj\u00e1nlat59.900,-Ft\/2 \u00e9j\u00e1ron sv\u00e9dasztalos &#8230; <a title=\"Sz\u00e1ll\u00e1s f\u00e9lpanzi\u00f3val\" class=\"read-more\" href=\"https:\/\/romantikus-ajandek.hu\/mentes\/szallas-felpanzioval\/\" aria-label=\"More on Sz\u00e1ll\u00e1s f\u00e9lpanzi\u00f3val\">Read more<\/a><\/p>\n","protected":false},"author":2,"featured_media":0,"parent":0,"menu_order":0,"comment_status":"closed","ping_status":"closed","template":"elementor_header_footer","meta":[],"_links":{"self":[{"href":"https:\/\/romantikus-ajandek.hu\/mentes\/wp-json\/wp\/v2\/pages\/1392"}],"collection":[{"href":"https:\/\/romantikus-ajandek.hu\/mentes\/wp-json\/wp\/v2\/pages"}],"about":[{"href":"https:\/\/romantikus-ajandek.hu\/mentes\/wp-json\/wp\/v2\/types\/page"}],"author":[{"embeddable":true,"href":"https:\/\/romantikus-ajandek.hu\/mentes\/wp-json\/wp\/v2\/users\/2"}],"replies":[{"embeddable":true,"href":"https:\/\/romantikus-ajandek.hu\/mentes\/wp-json\/wp\/v2\/comments?post=1392"}],"version-history":[{"count":22,"href":"https:\/\/romantikus-ajandek.hu\/mentes\/wp-json\/wp\/v2\/pages\/1392\/revisions"}],"predecessor-version":[{"id":1863,"href":"https:\/\/romantikus-ajandek.hu\/mentes\/wp-json\/wp\/v2\/pages\/1392\/revisions\/1863"}],"wp:attachment":[{"href":"https:\/\/romantikus-ajandek.hu\/mentes\/wp-json\/wp\/v2\/media?parent=1392"}],"curies":[{"name":"wp","href":"https:\/\/api.w.org\/{rel}","templated":true}]}}