{"id":1386,"date":"2022-05-04T09:21:44","date_gmt":"2022-05-04T07:21:44","guid":{"rendered":"https:\/\/romantikus-ajandek.hu\/?page_id=1386"},"modified":"2022-05-19T07:45:16","modified_gmt":"2022-05-19T05:45:16","slug":"gyulai-varfurdo-csomag","status":"publish","type":"page","link":"https:\/\/romantikus-ajandek.hu\/mentes\/gyulai-varfurdo-csomag\/","title":{"rendered":"Gyulai V\u00e1rf\u00fcrd\u0151 csomag"},"content":{"rendered":"\t\t<div data-elementor-type=\"wp-page\" data-elementor-id=\"1386\" class=\"elementor elementor-1386\" data-elementor-settings=\"[]\">\n\t\t\t\t\t\t<div class=\"elementor-inner\">\n\t\t\t\t\t\t\t<div class=\"elementor-section-wrap\">\n\t\t\t\t\t\t\t<section class=\"elementor-section elementor-top-section elementor-element elementor-element-5f2b4952 elementor-section-boxed elementor-section-height-default elementor-section-height-default\" data-id=\"5f2b4952\" data-element_type=\"section\" data-settings=\"{&quot;background_background&quot;:&quot;classic&quot;}\">\n\t\t\t\t\t\t\t<div class=\"elementor-background-overlay\"><\/div>\n\t\t\t\t\t\t\t<div class=\"elementor-container elementor-column-gap-default\">\n\t\t\t\t\t\t\t<div class=\"elementor-row\">\n\t\t\t\t\t<div class=\"elementor-column elementor-col-100 elementor-top-column elementor-element elementor-element-111e72dc\" data-id=\"111e72dc\" data-element_type=\"column\">\n\t\t\t<div class=\"elementor-column-wrap elementor-element-populated\">\n\t\t\t\t\t\t\t<div class=\"elementor-widget-wrap\">\n\t\t\t\t\t\t<div class=\"elementor-element elementor-element-51e9452e elementor-widget elementor-widget-heading\" data-id=\"51e9452e\" data-element_type=\"widget\" data-widget_type=\"heading.default\">\n\t\t\t\t<div class=\"elementor-widget-container\">\n\t\t\t<h2 class=\"elementor-heading-title elementor-size-default\">GYULAI V\u00c1RF\u00dcRD\u0150 CSOMAG<\/h2>\t\t<\/div>\n\t\t\t\t<\/div>\n\t\t\t\t\t\t<\/div>\n\t\t\t\t\t<\/div>\n\t\t<\/div>\n\t\t\t\t\t\t\t\t<\/div>\n\t\t\t\t\t<\/div>\n\t\t<\/section>\n\t\t\t\t<section class=\"elementor-section elementor-top-section elementor-element elementor-element-6b1611e1 elementor-section-boxed elementor-section-height-default elementor-section-height-default\" data-id=\"6b1611e1\" data-element_type=\"section\">\n\t\t\t\t\t\t<div class=\"elementor-container elementor-column-gap-default\">\n\t\t\t\t\t\t\t<div class=\"elementor-row\">\n\t\t\t\t\t<div class=\"elementor-column elementor-col-50 elementor-top-column elementor-element elementor-element-18321bab\" data-id=\"18321bab\" data-element_type=\"column\">\n\t\t\t<div class=\"elementor-column-wrap elementor-element-populated\">\n\t\t\t\t\t\t\t<div class=\"elementor-widget-wrap\">\n\t\t\t\t\t\t<div class=\"elementor-element elementor-element-1bdc7dcb elementor-widget elementor-widget-text-editor\" data-id=\"1bdc7dcb\" data-element_type=\"widget\" data-widget_type=\"text-editor.default\">\n\t\t\t\t<div class=\"elementor-widget-container\">\n\t\t\t\t\t<div class=\"elementor-text-editor elementor-clearfix\"><h2><strong>Gyula kedvelt kikapcsol\u00f3d\u00e1st biztos\u00edt\u00f3 helye a GYULAI V\u00c1RF\u00dcRD\u0150!<\/strong><\/h2><p>Itt mindenki megtal\u00e1lja a mag\u00e1nak megfelel\u0151 medenc\u00e9t. Hatalmas parkj\u00e1ban napozni, s\u00e9t\u00e1lni, h\u0171s\u00f6lni lehet. Hangulatos vend\u00e9gl\u00e1t\u00f3helyek biztos\u00edtj\u00e1k az elf\u00e1radt f\u00fcrd\u0151z\u0151k \u00e9tkez\u00e9s\u00e9t. \u00cdgy reggelt\u0151l estig t\u00f6k\u00e9letes program.<\/p><\/div>\n\t\t\t\t<\/div>\n\t\t\t\t<\/div>\n\t\t\t\t\t\t<\/div>\n\t\t\t\t\t<\/div>\n\t\t<\/div>\n\t\t\t\t<div class=\"elementor-column elementor-col-50 elementor-top-column elementor-element elementor-element-6b8a0230\" data-id=\"6b8a0230\" data-element_type=\"column\">\n\t\t\t<div class=\"elementor-column-wrap elementor-element-populated\">\n\t\t\t\t\t\t\t<div class=\"elementor-widget-wrap\">\n\t\t\t\t\t\t<div class=\"elementor-element elementor-element-54c5ccdf elementor-widget elementor-widget-image\" data-id=\"54c5ccdf\" data-element_type=\"widget\" data-widget_type=\"image.default\">\n\t\t\t\t<div class=\"elementor-widget-container\">\n\t\t\t\t\t<div class=\"elementor-image\">\n\t\t\t\t\t\t\t\t\t\t<img width=\"1000\" height=\"1000\" src=\"https:\/\/romantikus-ajandek.hu\/mentes\/wp-content\/uploads\/2022\/05\/gyulai_varfurdo_corvin_hotel.jpg\" class=\"attachment-large size-large\" alt=\"\" loading=\"lazy\" srcset=\"https:\/\/romantikus-ajandek.hu\/mentes\/wp-content\/uploads\/2022\/05\/gyulai_varfurdo_corvin_hotel.jpg 1000w, https:\/\/romantikus-ajandek.hu\/mentes\/wp-content\/uploads\/2022\/05\/gyulai_varfurdo_corvin_hotel-300x300.jpg 300w, https:\/\/romantikus-ajandek.hu\/mentes\/wp-content\/uploads\/2022\/05\/gyulai_varfurdo_corvin_hotel-150x150.jpg 150w, https:\/\/romantikus-ajandek.hu\/mentes\/wp-content\/uploads\/2022\/05\/gyulai_varfurdo_corvin_hotel-768x768.jpg 768w\" sizes=\"(max-width: 1000px) 100vw, 1000px\" \/>\t\t\t\t\t\t\t\t\t\t\t<\/div>\n\t\t\t\t<\/div>\n\t\t\t\t<\/div>\n\t\t\t\t\t\t<\/div>\n\t\t\t\t\t<\/div>\n\t\t<\/div>\n\t\t\t\t\t\t\t\t<\/div>\n\t\t\t\t\t<\/div>\n\t\t<\/section>\n\t\t\t\t<section class=\"elementor-section elementor-top-section elementor-element elementor-element-7366357b elementor-section-boxed elementor-section-height-default elementor-section-height-default\" data-id=\"7366357b\" data-element_type=\"section\">\n\t\t\t\t\t\t<div class=\"elementor-container elementor-column-gap-default\">\n\t\t\t\t\t\t\t<div class=\"elementor-row\">\n\t\t\t\t\t<div class=\"elementor-column elementor-col-16 elementor-top-column elementor-element elementor-element-403053ed\" data-id=\"403053ed\" data-element_type=\"column\">\n\t\t\t<div class=\"elementor-column-wrap\">\n\t\t\t\t\t\t\t<div class=\"elementor-widget-wrap\">\n\t\t\t\t\t\t\t\t<\/div>\n\t\t\t\t\t<\/div>\n\t\t<\/div>\n\t\t\t\t<div class=\"elementor-column elementor-col-66 elementor-top-column elementor-element elementor-element-6bf0e158\" data-id=\"6bf0e158\" data-element_type=\"column\" data-settings=\"{&quot;background_background&quot;:&quot;classic&quot;}\">\n\t\t\t<div class=\"elementor-column-wrap elementor-element-populated\">\n\t\t\t\t\t\t\t<div class=\"elementor-widget-wrap\">\n\t\t\t\t\t\t<div class=\"elementor-element elementor-element-70ab4101 elementor-widget elementor-widget-text-editor\" data-id=\"70ab4101\" data-element_type=\"widget\" data-widget_type=\"text-editor.default\">\n\t\t\t\t<div class=\"elementor-widget-container\">\n\t\t\t\t\t<div class=\"elementor-text-editor elementor-clearfix\"><p style=\"text-align: center;\"><strong>3 nap\/2 \u00e9jszak\u00e1s sz\u00e1llodai csomag Gyulai V\u00e1rf\u00fcrd\u0151 bel\u00e9p\u0151vel h\u00e9tk\u00f6znap<\/strong><br \/><strong>59.900,-Ft\/2 \u00e9j<\/strong><br \/><strong>\u00e1ron sv\u00e9dasztalos f\u00e9lpanzi\u00f3s ell\u00e1t\u00e1ssal!<\/strong><\/p><\/div>\n\t\t\t\t<\/div>\n\t\t\t\t<\/div>\n\t\t\t\t\t\t<\/div>\n\t\t\t\t\t<\/div>\n\t\t<\/div>\n\t\t\t\t<div class=\"elementor-column elementor-col-16 elementor-top-column elementor-element elementor-element-1650b8ac\" data-id=\"1650b8ac\" data-element_type=\"column\">\n\t\t\t<div class=\"elementor-column-wrap\">\n\t\t\t\t\t\t\t<div class=\"elementor-widget-wrap\">\n\t\t\t\t\t\t\t\t<\/div>\n\t\t\t\t\t<\/div>\n\t\t<\/div>\n\t\t\t\t\t\t\t\t<\/div>\n\t\t\t\t\t<\/div>\n\t\t<\/section>\n\t\t\t\t<section class=\"elementor-section elementor-top-section elementor-element elementor-element-52ac1bd0 elementor-section-boxed elementor-section-height-default elementor-section-height-default\" data-id=\"52ac1bd0\" data-element_type=\"section\">\n\t\t\t\t\t\t<div class=\"elementor-container elementor-column-gap-default\">\n\t\t\t\t\t\t\t<div class=\"elementor-row\">\n\t\t\t\t\t<div class=\"elementor-column elementor-col-100 elementor-top-column elementor-element elementor-element-4987788e\" data-id=\"4987788e\" data-element_type=\"column\">\n\t\t\t<div class=\"elementor-column-wrap elementor-element-populated\">\n\t\t\t\t\t\t\t<div class=\"elementor-widget-wrap\">\n\t\t\t\t\t\t<div class=\"elementor-element elementor-element-5a094e2d elementor-widget-divider--view-line_icon elementor-view-default elementor-widget-divider--element-align-center elementor-widget elementor-widget-divider\" data-id=\"5a094e2d\" data-element_type=\"widget\" data-widget_type=\"divider.default\">\n\t\t\t\t<div class=\"elementor-widget-container\">\n\t\t\t\t\t<div class=\"elementor-divider\">\n\t\t\t<span class=\"elementor-divider-separator\">\n\t\t\t\t\t\t\t<div class=\"elementor-icon elementor-divider__element\">\n\t\t\t\t\t<i aria-hidden=\"true\" class=\"far fa-heart\"><\/i><\/div>\n\t\t\t\t\t\t<\/span>\n\t\t<\/div>\n\t\t\t\t<\/div>\n\t\t\t\t<\/div>\n\t\t\t\t\t\t<\/div>\n\t\t\t\t\t<\/div>\n\t\t<\/div>\n\t\t\t\t\t\t\t\t<\/div>\n\t\t\t\t\t<\/div>\n\t\t<\/section>\n\t\t\t\t<section class=\"elementor-section elementor-top-section elementor-element elementor-element-3002829 elementor-section-boxed elementor-section-height-default elementor-section-height-default\" data-id=\"3002829\" data-element_type=\"section\">\n\t\t\t\t\t\t<div class=\"elementor-container elementor-column-gap-default\">\n\t\t\t\t\t\t\t<div class=\"elementor-row\">\n\t\t\t\t\t<div class=\"elementor-column elementor-col-50 elementor-top-column elementor-element elementor-element-6919824b\" data-id=\"6919824b\" data-element_type=\"column\">\n\t\t\t<div class=\"elementor-column-wrap elementor-element-populated\">\n\t\t\t\t\t\t\t<div class=\"elementor-widget-wrap\">\n\t\t\t\t\t\t<div class=\"elementor-element elementor-element-6cbf910a elementor-widget elementor-widget-image\" data-id=\"6cbf910a\" data-element_type=\"widget\" data-widget_type=\"image.default\">\n\t\t\t\t<div class=\"elementor-widget-container\">\n\t\t\t\t\t<div class=\"elementor-image\">\n\t\t\t\t\t\t\t\t\t\t<img width=\"1000\" height=\"1000\" src=\"https:\/\/romantikus-ajandek.hu\/mentes\/wp-content\/uploads\/2022\/05\/gyulai_varfurdo_corvin_hotel1.jpg\" class=\"attachment-large size-large\" alt=\"\" loading=\"lazy\" srcset=\"https:\/\/romantikus-ajandek.hu\/mentes\/wp-content\/uploads\/2022\/05\/gyulai_varfurdo_corvin_hotel1.jpg 1000w, https:\/\/romantikus-ajandek.hu\/mentes\/wp-content\/uploads\/2022\/05\/gyulai_varfurdo_corvin_hotel1-300x300.jpg 300w, https:\/\/romantikus-ajandek.hu\/mentes\/wp-content\/uploads\/2022\/05\/gyulai_varfurdo_corvin_hotel1-150x150.jpg 150w, https:\/\/romantikus-ajandek.hu\/mentes\/wp-content\/uploads\/2022\/05\/gyulai_varfurdo_corvin_hotel1-768x768.jpg 768w\" sizes=\"(max-width: 1000px) 100vw, 1000px\" \/>\t\t\t\t\t\t\t\t\t\t\t<\/div>\n\t\t\t\t<\/div>\n\t\t\t\t<\/div>\n\t\t\t\t\t\t<\/div>\n\t\t\t\t\t<\/div>\n\t\t<\/div>\n\t\t\t\t<div class=\"elementor-column elementor-col-50 elementor-top-column elementor-element elementor-element-804abf\" data-id=\"804abf\" data-element_type=\"column\">\n\t\t\t<div class=\"elementor-column-wrap elementor-element-populated\">\n\t\t\t\t\t\t\t<div class=\"elementor-widget-wrap\">\n\t\t\t\t\t\t<div class=\"elementor-element elementor-element-7f15ad5 elementor-widget elementor-widget-text-editor\" data-id=\"7f15ad5\" data-element_type=\"widget\" data-widget_type=\"text-editor.default\">\n\t\t\t\t<div class=\"elementor-widget-container\">\n\t\t\t\t\t<div class=\"elementor-text-editor elementor-clearfix\"><h2><strong>Mit tartalmaz a csomag?<\/strong><\/h2><\/div>\n\t\t\t\t<\/div>\n\t\t\t\t<\/div>\n\t\t\t\t<div class=\"elementor-element elementor-element-7ceca825 elementor-icon-list--layout-traditional elementor-list-item-link-full_width elementor-widget elementor-widget-icon-list\" data-id=\"7ceca825\" data-element_type=\"widget\" data-widget_type=\"icon-list.default\">\n\t\t\t\t<div class=\"elementor-widget-container\">\n\t\t\t\t\t<ul class=\"elementor-icon-list-items\">\n\t\t\t\t\t\t\t<li class=\"elementor-icon-list-item\">\n\t\t\t\t\t\t\t\t\t\t\t<span class=\"elementor-icon-list-icon\">\n\t\t\t\t\t\t\t<i aria-hidden=\"true\" class=\"far fa-heart\"><\/i>\t\t\t\t\t\t<\/span>\n\t\t\t\t\t\t\t\t\t\t<span class=\"elementor-icon-list-text\">Sz\u00e1ll\u00e1s a Corvin Hotelben, sz\u00e1llodai szob\u00e1ban,<\/span>\n\t\t\t\t\t\t\t\t\t<\/li>\n\t\t\t\t\t\t\t\t<li class=\"elementor-icon-list-item\">\n\t\t\t\t\t\t\t\t\t\t\t<span class=\"elementor-icon-list-icon\">\n\t\t\t\t\t\t\t<i aria-hidden=\"true\" class=\"far fa-heart\"><\/i>\t\t\t\t\t\t<\/span>\n\t\t\t\t\t\t\t\t\t\t<span class=\"elementor-icon-list-text\">Sv\u00e9dasztalos reggeli,<\/span>\n\t\t\t\t\t\t\t\t\t<\/li>\n\t\t\t\t\t\t\t\t<li class=\"elementor-icon-list-item\">\n\t\t\t\t\t\t\t\t\t\t\t<span class=\"elementor-icon-list-icon\">\n\t\t\t\t\t\t\t<i aria-hidden=\"true\" class=\"far fa-heart\"><\/i>\t\t\t\t\t\t<\/span>\n\t\t\t\t\t\t\t\t\t\t<span class=\"elementor-icon-list-text\">Sv\u00e9dasztalos  vacsora,<\/span>\n\t\t\t\t\t\t\t\t\t<\/li>\n\t\t\t\t\t\t\t\t<li class=\"elementor-icon-list-item\">\n\t\t\t\t\t\t\t\t\t\t\t<span class=\"elementor-icon-list-icon\">\n\t\t\t\t\t\t\t<i aria-hidden=\"true\" class=\"far fa-heart\"><\/i>\t\t\t\t\t\t<\/span>\n\t\t\t\t\t\t\t\t\t\t<span class=\"elementor-icon-list-text\">Gyulai V\u00e1rf\u00fcrd\u0151 gy\u00f3gy- \u00e9s strandbel\u00e9p\u0151jegy (fejenk\u00e9nt 1 db)<\/span>\n\t\t\t\t\t\t\t\t\t<\/li>\n\t\t\t\t\t\t\t\t<li class=\"elementor-icon-list-item\">\n\t\t\t\t\t\t\t\t\t\t\t<span class=\"elementor-icon-list-icon\">\n\t\t\t\t\t\t\t<i aria-hidden=\"true\" class=\"far fa-heart\"><\/i>\t\t\t\t\t\t<\/span>\n\t\t\t\t\t\t\t\t\t\t<span class=\"elementor-icon-list-text\">Ingyenesen ig\u00e9nybe vehet\u0151 Wi-Fi szolg\u00e1ltat\u00e1s.<\/span>\n\t\t\t\t\t\t\t\t\t<\/li>\n\t\t\t\t\t\t\t\t<li class=\"elementor-icon-list-item\">\n\t\t\t\t\t\t\t\t\t\t\t<span class=\"elementor-icon-list-icon\">\n\t\t\t\t\t\t\t<i aria-hidden=\"true\" class=\"far fa-heart\"><\/i>\t\t\t\t\t\t<\/span>\n\t\t\t\t\t\t\t\t\t\t<span class=\"elementor-icon-list-text\">Aj\u00e1nlatunk p\u00e9nteki \u00e9s szombati \u00e9rkez\u00e9s eset\u00e9n 20.000 Ft fel\u00e1r ellen\u00e9ben vehet\u0151 ig\u00e9nybe<\/span>\n\t\t\t\t\t\t\t\t\t<\/li>\n\t\t\t\t\t\t<\/ul>\n\t\t\t\t<\/div>\n\t\t\t\t<\/div>\n\t\t\t\t<div class=\"elementor-element elementor-element-76b1b833 elementor-widget elementor-widget-text-editor\" data-id=\"76b1b833\" data-element_type=\"widget\" data-widget_type=\"text-editor.default\">\n\t\t\t\t<div class=\"elementor-widget-container\">\n\t\t\t\t\t<div class=\"elementor-text-editor elementor-clearfix\"><h3><strong>K\u00e9rhetsz extra szolg\u00e1ltat\u00e1st is recepci\u00f3nkon<\/strong><\/h3><\/div>\n\t\t\t\t<\/div>\n\t\t\t\t<\/div>\n\t\t\t\t<div class=\"elementor-element elementor-element-1ed6e1d0 elementor-icon-list--layout-traditional elementor-list-item-link-full_width elementor-widget elementor-widget-icon-list\" data-id=\"1ed6e1d0\" data-element_type=\"widget\" data-widget_type=\"icon-list.default\">\n\t\t\t\t<div class=\"elementor-widget-container\">\n\t\t\t\t\t<ul class=\"elementor-icon-list-items\">\n\t\t\t\t\t\t\t<li class=\"elementor-icon-list-item\">\n\t\t\t\t\t\t\t\t\t\t\t<span class=\"elementor-icon-list-icon\">\n\t\t\t\t\t\t\t<i aria-hidden=\"true\" class=\"far fa-heart\"><\/i>\t\t\t\t\t\t<\/span>\n\t\t\t\t\t\t\t\t\t\t<span class=\"elementor-icon-list-text\">1 \u00f3r\u00e1s priv\u00e1t Corvin SPA (4.000,-Ft\/\u00f3ra)<\/span>\n\t\t\t\t\t\t\t\t\t<\/li>\n\t\t\t\t\t\t\t\t<li class=\"elementor-icon-list-item\">\n\t\t\t\t\t\t\t\t\t\t\t<span class=\"elementor-icon-list-icon\">\n\t\t\t\t\t\t\t<i aria-hidden=\"true\" class=\"far fa-heart\"><\/i>\t\t\t\t\t\t<\/span>\n\t\t\t\t\t\t\t\t\t\t<span class=\"elementor-icon-list-text\">F\u00fcrd\u0151k\u00f6nt\u00f6s \u00e9s wellness-t\u00f6r\u00f6lk\u00f6z\u0151 biztos\u00edt\u00e1sa<\/span>\n\t\t\t\t\t\t\t\t\t<\/li>\n\t\t\t\t\t\t<\/ul>\n\t\t\t\t<\/div>\n\t\t\t\t<\/div>\n\t\t\t\t\t\t<\/div>\n\t\t\t\t\t<\/div>\n\t\t<\/div>\n\t\t\t\t\t\t\t\t<\/div>\n\t\t\t\t\t<\/div>\n\t\t<\/section>\n\t\t\t\t<section class=\"elementor-section elementor-top-section elementor-element elementor-element-b5abc11 elementor-section-height-min-height elementor-section-boxed elementor-section-height-default elementor-section-items-middle\" data-id=\"b5abc11\" data-element_type=\"section\" data-settings=\"{&quot;background_background&quot;:&quot;gradient&quot;}\">\n\t\t\t\t\t\t<div class=\"elementor-container elementor-column-gap-default\">\n\t\t\t\t\t\t\t<div class=\"elementor-row\">\n\t\t\t\t\t<div class=\"elementor-column elementor-col-50 elementor-top-column elementor-element elementor-element-11e93775\" data-id=\"11e93775\" data-element_type=\"column\">\n\t\t\t<div class=\"elementor-column-wrap elementor-element-populated\">\n\t\t\t\t\t\t\t<div class=\"elementor-widget-wrap\">\n\t\t\t\t\t\t<div class=\"elementor-element elementor-element-58199333 elementor-widget elementor-widget-heading\" data-id=\"58199333\" data-element_type=\"widget\" data-widget_type=\"heading.default\">\n\t\t\t\t<div class=\"elementor-widget-container\">\n\t\t\t<h2 class=\"elementor-heading-title elementor-size-default\"><a href=\"https:\/\/nethotelbooking.net\/hotels\/corvin-hotel\/code=romantikus-ajandek#OMQY1X0FP8I7U26YLP27W2YQTGSVU7OATNXT\">Sz\u00e1ll\u00e1sfoglal\u00e1s \u00e9s \u00e1rkalkul\u00e1ci\u00f3!<\/a><\/h2>\t\t<\/div>\n\t\t\t\t<\/div>\n\t\t\t\t\t\t<\/div>\n\t\t\t\t\t<\/div>\n\t\t<\/div>\n\t\t\t\t<div class=\"elementor-column elementor-col-50 elementor-top-column elementor-element elementor-element-1228b55d\" data-id=\"1228b55d\" data-element_type=\"column\">\n\t\t\t<div class=\"elementor-column-wrap elementor-element-populated\">\n\t\t\t\t\t\t\t<div class=\"elementor-widget-wrap\">\n\t\t\t\t\t\t<div class=\"elementor-element elementor-element-17e0f13c elementor-mobile-align-left elementor-align-center elementor-widget elementor-widget-button\" data-id=\"17e0f13c\" data-element_type=\"widget\" data-widget_type=\"button.default\">\n\t\t\t\t<div class=\"elementor-widget-container\">\n\t\t\t\t\t<div class=\"elementor-button-wrapper\">\n\t\t\t<a href=\"https:\/\/nethotelbooking.net\/hotels\/corvin-hotel\/code=romantikus-ajandek#OMQY1X0FP8I7U26YLP27W2YQTGSVU7OATNXT\" class=\"elementor-button-link elementor-button elementor-size-sm\" role=\"button\">\n\t\t\t\t\t\t<span class=\"elementor-button-content-wrapper\">\n\t\t\t\t\t\t<span class=\"elementor-button-text\">Megn\u00e9zem<\/span>\n\t\t<\/span>\n\t\t\t\t\t<\/a>\n\t\t<\/div>\n\t\t\t\t<\/div>\n\t\t\t\t<\/div>\n\t\t\t\t\t\t<\/div>\n\t\t\t\t\t<\/div>\n\t\t<\/div>\n\t\t\t\t\t\t\t\t<\/div>\n\t\t\t\t\t<\/div>\n\t\t<\/section>\n\t\t\t\t\t\t<\/div>\n\t\t\t\t\t\t<\/div>\n\t\t\t\t\t<\/div>\n\t\t","protected":false},"excerpt":{"rendered":"<p>GYULAI V\u00c1RF\u00dcRD\u0150 CSOMAG Gyula kedvelt kikapcsol\u00f3d\u00e1st biztos\u00edt\u00f3 helye a GYULAI V\u00c1RF\u00dcRD\u0150! Itt mindenki megtal\u00e1lja a mag\u00e1nak megfelel\u0151 medenc\u00e9t. Hatalmas parkj\u00e1ban napozni, s\u00e9t\u00e1lni, h\u0171s\u00f6lni lehet. Hangulatos vend\u00e9gl\u00e1t\u00f3helyek biztos\u00edtj\u00e1k az elf\u00e1radt f\u00fcrd\u0151z\u0151k \u00e9tkez\u00e9s\u00e9t. \u00cdgy reggelt\u0151l estig t\u00f6k\u00e9letes program. 3 nap\/2 \u00e9jszak\u00e1s sz\u00e1llodai csomag Gyulai V\u00e1rf\u00fcrd\u0151 bel\u00e9p\u0151vel h\u00e9tk\u00f6znap59.900,-Ft\/2 \u00e9j\u00e1ron sv\u00e9dasztalos f\u00e9lpanzi\u00f3s ell\u00e1t\u00e1ssal! Mit tartalmaz a csomag? Sz\u00e1ll\u00e1s a &#8230; <a title=\"Gyulai V\u00e1rf\u00fcrd\u0151 csomag\" class=\"read-more\" href=\"https:\/\/romantikus-ajandek.hu\/mentes\/gyulai-varfurdo-csomag\/\" aria-label=\"More on Gyulai V\u00e1rf\u00fcrd\u0151 csomag\">Read more<\/a><\/p>\n","protected":false},"author":2,"featured_media":0,"parent":0,"menu_order":0,"comment_status":"closed","ping_status":"closed","template":"elementor_header_footer","meta":[],"_links":{"self":[{"href":"https:\/\/romantikus-ajandek.hu\/mentes\/wp-json\/wp\/v2\/pages\/1386"}],"collection":[{"href":"https:\/\/romantikus-ajandek.hu\/mentes\/wp-json\/wp\/v2\/pages"}],"about":[{"href":"https:\/\/romantikus-ajandek.hu\/mentes\/wp-json\/wp\/v2\/types\/page"}],"author":[{"embeddable":true,"href":"https:\/\/romantikus-ajandek.hu\/mentes\/wp-json\/wp\/v2\/users\/2"}],"replies":[{"embeddable":true,"href":"https:\/\/romantikus-ajandek.hu\/mentes\/wp-json\/wp\/v2\/comments?post=1386"}],"version-history":[{"count":16,"href":"https:\/\/romantikus-ajandek.hu\/mentes\/wp-json\/wp\/v2\/pages\/1386\/revisions"}],"predecessor-version":[{"id":1929,"href":"https:\/\/romantikus-ajandek.hu\/mentes\/wp-json\/wp\/v2\/pages\/1386\/revisions\/1929"}],"wp:attachment":[{"href":"https:\/\/romantikus-ajandek.hu\/mentes\/wp-json\/wp\/v2\/media?parent=1386"}],"curies":[{"name":"wp","href":"https:\/\/api.w.org\/{rel}","templated":true}]}}