{"id":1384,"date":"2022-05-04T09:21:16","date_gmt":"2022-05-04T07:21:16","guid":{"rendered":"https:\/\/romantikus-ajandek.hu\/?page_id=1384"},"modified":"2022-05-22T12:18:18","modified_gmt":"2022-05-22T10:18:18","slug":"szerelmes-ejszakak-gyulan","status":"publish","type":"page","link":"https:\/\/romantikus-ajandek.hu\/mentes\/szerelmes-ejszakak-gyulan\/","title":{"rendered":"Szerelmes \u00e9jszak\u00e1k Gyul\u00e1n"},"content":{"rendered":"\t\t<div data-elementor-type=\"wp-page\" data-elementor-id=\"1384\" class=\"elementor elementor-1384\" data-elementor-settings=\"[]\">\n\t\t\t\t\t\t<div class=\"elementor-inner\">\n\t\t\t\t\t\t\t<div class=\"elementor-section-wrap\">\n\t\t\t\t\t\t\t<section class=\"elementor-section elementor-top-section elementor-element elementor-element-62e4f7a0 elementor-section-boxed elementor-section-height-default elementor-section-height-default\" data-id=\"62e4f7a0\" data-element_type=\"section\" data-settings=\"{&quot;background_background&quot;:&quot;classic&quot;}\">\n\t\t\t\t\t\t\t<div class=\"elementor-background-overlay\"><\/div>\n\t\t\t\t\t\t\t<div class=\"elementor-container elementor-column-gap-default\">\n\t\t\t\t\t\t\t<div class=\"elementor-row\">\n\t\t\t\t\t<div class=\"elementor-column elementor-col-100 elementor-top-column elementor-element elementor-element-4202052a\" data-id=\"4202052a\" data-element_type=\"column\">\n\t\t\t<div class=\"elementor-column-wrap elementor-element-populated\">\n\t\t\t\t\t\t\t<div class=\"elementor-widget-wrap\">\n\t\t\t\t\t\t<div class=\"elementor-element elementor-element-23d1d784 elementor-widget elementor-widget-heading\" data-id=\"23d1d784\" data-element_type=\"widget\" data-widget_type=\"heading.default\">\n\t\t\t\t<div class=\"elementor-widget-container\">\n\t\t\t<h2 class=\"elementor-heading-title elementor-size-default\">SZERELMES \u00c9JSZAK\u00c1K GYUL\u00c1N<\/h2>\t\t<\/div>\n\t\t\t\t<\/div>\n\t\t\t\t\t\t<\/div>\n\t\t\t\t\t<\/div>\n\t\t<\/div>\n\t\t\t\t\t\t\t\t<\/div>\n\t\t\t\t\t<\/div>\n\t\t<\/section>\n\t\t\t\t<section class=\"elementor-section elementor-top-section elementor-element elementor-element-4db4ea95 elementor-section-boxed elementor-section-height-default elementor-section-height-default\" data-id=\"4db4ea95\" data-element_type=\"section\">\n\t\t\t\t\t\t<div class=\"elementor-container elementor-column-gap-default\">\n\t\t\t\t\t\t\t<div class=\"elementor-row\">\n\t\t\t\t\t<div class=\"elementor-column elementor-col-50 elementor-top-column elementor-element elementor-element-557783cc\" data-id=\"557783cc\" data-element_type=\"column\">\n\t\t\t<div class=\"elementor-column-wrap elementor-element-populated\">\n\t\t\t\t\t\t\t<div class=\"elementor-widget-wrap\">\n\t\t\t\t\t\t<div class=\"elementor-element elementor-element-5e29c6bf elementor-widget elementor-widget-text-editor\" data-id=\"5e29c6bf\" data-element_type=\"widget\" data-widget_type=\"text-editor.default\">\n\t\t\t\t<div class=\"elementor-widget-container\">\n\t\t\t\t\t<div class=\"elementor-text-editor elementor-clearfix\"><h1 class=\"fl-heading\"><strong><span class=\"fl-heading-text\">Mindent kipr\u00f3b\u00e1lok &#8211; szerelmes \u00e9jszak\u00e1k<\/span>!<\/strong><\/h1><h1 class=\"fl-heading\"><span class=\"fl-heading-text\">Aj\u00e1nlatunkban v\u00e1lassz kieg\u00e9sz\u00edt\u0151inkb\u0151l olyat, mi igaz\u00e1n \u00f6r\u00f6met okozna nektek<\/span><\/h1><p>A p\u00e1rkapcsolatokban fontos a meg\u00fajul\u00e1s, az egym\u00e1ssal val\u00f3 meghitt besz\u00e9lget\u00e9sek. Ezek alatt felsz\u00ednre ker\u00fclnek az egy\u00e9ni v\u00e1gyak, a k\u00edv\u00e1ns\u00e1gok, melyek legt\u00f6bbsz\u00f6r csak \u00e1br\u00e1ndok maradnak.<\/p><p><strong>Mi\u00e9rt maradnak \u00e1br\u00e1ndok?<\/strong><\/p><p>Mert az otthoni k\u00f6rnyezetben neh\u00e9z megval\u00f3s\u00edtani k\u00e9pzelet\u00fcnk k\u00edv\u00e1ns\u00e1gait. A helysz\u00edn ugyan az, a gyerekek megzavarhatnak \u00e9s biztosan van olyan k\u00edv\u00e1ns\u00e1g, amihez feln\u0151tt j\u00e1t\u00e9kszerek kellenek.<\/p><p><strong>Akkor maradjon minden a r\u00e9giben?<\/strong><\/p><p>Ne maradjon! Pr\u00f3b\u00e1ljatok ki valamit \u00fajat, amiben mindketten \u00f6r\u00f6m\u00f6t\u00f6ket tal\u00e1lhatj\u00e1tok.<\/p><p>L\u00e9pjetek ki a megszokott falak k\u00f6z\u00fcl!<\/p><p><strong>L\u00e9trehoztuk<\/strong> szob\u00e1inkat, amik k\u00fcl\u00f6nb\u00f6z\u0151ek. T\u0151letek f\u00fcgg melyiket v\u00e1lasztj\u00e1tok. Vannak diszkr\u00e9t szexi \u00e9s vannak bev\u00e1llal\u00f3sabb szob\u00e1k a hozz\u00e1juk k\u00e9rhet\u0151 feln\u0151tt j\u00e1t\u00e9kszerekkel.<\/p><p>Egy biztos!<\/p><p>Akik id\u00e1ig n\u00e1lunk sz\u00e1ltak meg, mindenki mosolyg\u00f3s arccal \u00e9s szerelmesen t\u00e1vozott.\u00a0<\/p><p>A k\u00e9rd\u00e9s az, hogy szeretn\u00e9tek-e egy fantasztikus k\u00f6z\u00f6s \u00e9lm\u00e9nyt, ahol egym\u00e1sra figyelhettek, t\u00e1vol mindent\u0151l \u00e9s kiz\u00e1rva k\u00fclvil\u00e1got?<\/p><p>Mi mindent megtesz\u00fcnk, hogy j\u00f3l \u00e9rezz\u00e9tek magatokat.<\/p><\/div>\n\t\t\t\t<\/div>\n\t\t\t\t<\/div>\n\t\t\t\t\t\t<\/div>\n\t\t\t\t\t<\/div>\n\t\t<\/div>\n\t\t\t\t<div class=\"elementor-column elementor-col-50 elementor-top-column elementor-element elementor-element-632f7635\" data-id=\"632f7635\" data-element_type=\"column\">\n\t\t\t<div class=\"elementor-column-wrap elementor-element-populated\">\n\t\t\t\t\t\t\t<div class=\"elementor-widget-wrap\">\n\t\t\t\t\t\t<div class=\"elementor-element elementor-element-3bf519 elementor-widget elementor-widget-image\" data-id=\"3bf519\" data-element_type=\"widget\" data-widget_type=\"image.default\">\n\t\t\t\t<div class=\"elementor-widget-container\">\n\t\t\t\t\t<div class=\"elementor-image\">\n\t\t\t\t\t\t\t\t\t\t<img width=\"1024\" height=\"678\" src=\"https:\/\/romantikus-ajandek.hu\/mentes\/wp-content\/uploads\/2022\/05\/131895055_740850283450137_7108597032117690640_n.jpg\" class=\"attachment-large size-large\" alt=\"\" loading=\"lazy\" srcset=\"https:\/\/romantikus-ajandek.hu\/mentes\/wp-content\/uploads\/2022\/05\/131895055_740850283450137_7108597032117690640_n.jpg 1024w, https:\/\/romantikus-ajandek.hu\/mentes\/wp-content\/uploads\/2022\/05\/131895055_740850283450137_7108597032117690640_n-300x199.jpg 300w, https:\/\/romantikus-ajandek.hu\/mentes\/wp-content\/uploads\/2022\/05\/131895055_740850283450137_7108597032117690640_n-768x509.jpg 768w\" sizes=\"(max-width: 1024px) 100vw, 1024px\" \/>\t\t\t\t\t\t\t\t\t\t\t<\/div>\n\t\t\t\t<\/div>\n\t\t\t\t<\/div>\n\t\t\t\t\t\t<\/div>\n\t\t\t\t\t<\/div>\n\t\t<\/div>\n\t\t\t\t\t\t\t\t<\/div>\n\t\t\t\t\t<\/div>\n\t\t<\/section>\n\t\t\t\t<section class=\"elementor-section elementor-top-section elementor-element elementor-element-4eb5709e elementor-section-boxed elementor-section-height-default elementor-section-height-default\" data-id=\"4eb5709e\" data-element_type=\"section\">\n\t\t\t\t\t\t<div class=\"elementor-container elementor-column-gap-default\">\n\t\t\t\t\t\t\t<div class=\"elementor-row\">\n\t\t\t\t\t<div class=\"elementor-column elementor-col-16 elementor-top-column elementor-element elementor-element-2713bcca\" data-id=\"2713bcca\" data-element_type=\"column\">\n\t\t\t<div class=\"elementor-column-wrap\">\n\t\t\t\t\t\t\t<div class=\"elementor-widget-wrap\">\n\t\t\t\t\t\t\t\t<\/div>\n\t\t\t\t\t<\/div>\n\t\t<\/div>\n\t\t\t\t<div class=\"elementor-column elementor-col-66 elementor-top-column elementor-element elementor-element-7beb35a\" data-id=\"7beb35a\" data-element_type=\"column\" data-settings=\"{&quot;background_background&quot;:&quot;classic&quot;}\">\n\t\t\t<div class=\"elementor-column-wrap elementor-element-populated\">\n\t\t\t\t\t\t\t<div class=\"elementor-widget-wrap\">\n\t\t\t\t\t\t<div class=\"elementor-element elementor-element-5be91610 elementor-widget elementor-widget-text-editor\" data-id=\"5be91610\" data-element_type=\"widget\" data-widget_type=\"text-editor.default\">\n\t\t\t\t<div class=\"elementor-widget-container\">\n\t\t\t\t\t<div class=\"elementor-text-editor elementor-clearfix\"><p style=\"text-align: center;\"><strong>3 nap\/2 \u00e9jszak\u00e1s romantikus aj\u00e1nlat<\/strong><br \/><strong>104.900,-Ft\/2 \u00e9j<\/strong><br \/><strong>\u00e1ron sv\u00e9dasztalos f\u00e9lpanzi\u00f3s ell\u00e1t\u00e1ssal!<\/strong><\/p><\/div>\n\t\t\t\t<\/div>\n\t\t\t\t<\/div>\n\t\t\t\t\t\t<\/div>\n\t\t\t\t\t<\/div>\n\t\t<\/div>\n\t\t\t\t<div class=\"elementor-column elementor-col-16 elementor-top-column elementor-element elementor-element-1b33ce2c\" data-id=\"1b33ce2c\" data-element_type=\"column\">\n\t\t\t<div class=\"elementor-column-wrap\">\n\t\t\t\t\t\t\t<div class=\"elementor-widget-wrap\">\n\t\t\t\t\t\t\t\t<\/div>\n\t\t\t\t\t<\/div>\n\t\t<\/div>\n\t\t\t\t\t\t\t\t<\/div>\n\t\t\t\t\t<\/div>\n\t\t<\/section>\n\t\t\t\t<section class=\"elementor-section elementor-top-section elementor-element elementor-element-53c6faf0 elementor-section-boxed elementor-section-height-default elementor-section-height-default\" data-id=\"53c6faf0\" data-element_type=\"section\">\n\t\t\t\t\t\t<div class=\"elementor-container elementor-column-gap-default\">\n\t\t\t\t\t\t\t<div class=\"elementor-row\">\n\t\t\t\t\t<div class=\"elementor-column elementor-col-100 elementor-top-column elementor-element elementor-element-3ebafd03\" data-id=\"3ebafd03\" data-element_type=\"column\">\n\t\t\t<div class=\"elementor-column-wrap elementor-element-populated\">\n\t\t\t\t\t\t\t<div class=\"elementor-widget-wrap\">\n\t\t\t\t\t\t<div class=\"elementor-element elementor-element-5ed7e11f elementor-widget-divider--view-line_icon elementor-view-default elementor-widget-divider--element-align-center elementor-widget elementor-widget-divider\" data-id=\"5ed7e11f\" data-element_type=\"widget\" data-widget_type=\"divider.default\">\n\t\t\t\t<div class=\"elementor-widget-container\">\n\t\t\t\t\t<div class=\"elementor-divider\">\n\t\t\t<span class=\"elementor-divider-separator\">\n\t\t\t\t\t\t\t<div class=\"elementor-icon elementor-divider__element\">\n\t\t\t\t\t<i aria-hidden=\"true\" class=\"far fa-heart\"><\/i><\/div>\n\t\t\t\t\t\t<\/span>\n\t\t<\/div>\n\t\t\t\t<\/div>\n\t\t\t\t<\/div>\n\t\t\t\t\t\t<\/div>\n\t\t\t\t\t<\/div>\n\t\t<\/div>\n\t\t\t\t\t\t\t\t<\/div>\n\t\t\t\t\t<\/div>\n\t\t<\/section>\n\t\t\t\t<section class=\"elementor-section elementor-top-section elementor-element elementor-element-1858484f elementor-section-boxed elementor-section-height-default elementor-section-height-default\" data-id=\"1858484f\" data-element_type=\"section\">\n\t\t\t\t\t\t<div class=\"elementor-container elementor-column-gap-default\">\n\t\t\t\t\t\t\t<div class=\"elementor-row\">\n\t\t\t\t\t<div class=\"elementor-column elementor-col-50 elementor-top-column elementor-element elementor-element-5a1f7aea\" data-id=\"5a1f7aea\" data-element_type=\"column\">\n\t\t\t<div class=\"elementor-column-wrap elementor-element-populated\">\n\t\t\t\t\t\t\t<div class=\"elementor-widget-wrap\">\n\t\t\t\t\t\t<div class=\"elementor-element elementor-element-781a79b5 elementor-widget elementor-widget-image\" data-id=\"781a79b5\" data-element_type=\"widget\" data-widget_type=\"image.default\">\n\t\t\t\t<div class=\"elementor-widget-container\">\n\t\t\t\t\t<div class=\"elementor-image\">\n\t\t\t\t\t\t\t\t\t\t<img width=\"500\" height=\"261\" src=\"https:\/\/romantikus-ajandek.hu\/mentes\/wp-content\/uploads\/2022\/05\/safe_image-1.jpg\" class=\"attachment-large size-large\" alt=\"\" loading=\"lazy\" srcset=\"https:\/\/romantikus-ajandek.hu\/mentes\/wp-content\/uploads\/2022\/05\/safe_image-1.jpg 500w, https:\/\/romantikus-ajandek.hu\/mentes\/wp-content\/uploads\/2022\/05\/safe_image-1-300x157.jpg 300w\" sizes=\"(max-width: 500px) 100vw, 500px\" \/>\t\t\t\t\t\t\t\t\t\t\t<\/div>\n\t\t\t\t<\/div>\n\t\t\t\t<\/div>\n\t\t\t\t\t\t<\/div>\n\t\t\t\t\t<\/div>\n\t\t<\/div>\n\t\t\t\t<div class=\"elementor-column elementor-col-50 elementor-top-column elementor-element elementor-element-1fee09b0\" data-id=\"1fee09b0\" data-element_type=\"column\">\n\t\t\t<div class=\"elementor-column-wrap elementor-element-populated\">\n\t\t\t\t\t\t\t<div class=\"elementor-widget-wrap\">\n\t\t\t\t\t\t<div class=\"elementor-element elementor-element-3fb46421 elementor-widget elementor-widget-text-editor\" data-id=\"3fb46421\" data-element_type=\"widget\" data-widget_type=\"text-editor.default\">\n\t\t\t\t<div class=\"elementor-widget-container\">\n\t\t\t\t\t<div class=\"elementor-text-editor elementor-clearfix\"><h2><strong>Mit tartalmaz a csomag?<\/strong><\/h2><\/div>\n\t\t\t\t<\/div>\n\t\t\t\t<\/div>\n\t\t\t\t<div class=\"elementor-element elementor-element-59d6b112 elementor-icon-list--layout-traditional elementor-list-item-link-full_width elementor-widget elementor-widget-icon-list\" data-id=\"59d6b112\" data-element_type=\"widget\" data-widget_type=\"icon-list.default\">\n\t\t\t\t<div class=\"elementor-widget-container\">\n\t\t\t\t\t<ul class=\"elementor-icon-list-items\">\n\t\t\t\t\t\t\t<li class=\"elementor-icon-list-item\">\n\t\t\t\t\t\t\t\t\t\t\t<span class=\"elementor-icon-list-icon\">\n\t\t\t\t\t\t\t<i aria-hidden=\"true\" class=\"far fa-heart\"><\/i>\t\t\t\t\t\t<\/span>\n\t\t\t\t\t\t\t\t\t\t<span class=\"elementor-icon-list-text\">Sz\u00e1ll\u00e1s a Corvin Hotelben, K\u00e1ma-Sz\u00fatra szob\u00e1ban,<\/span>\n\t\t\t\t\t\t\t\t\t<\/li>\n\t\t\t\t\t\t\t\t<li class=\"elementor-icon-list-item\">\n\t\t\t\t\t\t\t\t\t\t\t<span class=\"elementor-icon-list-icon\">\n\t\t\t\t\t\t\t<i aria-hidden=\"true\" class=\"far fa-heart\"><\/i>\t\t\t\t\t\t<\/span>\n\t\t\t\t\t\t\t\t\t\t<span class=\"elementor-icon-list-text\">Sv\u00e9dasztalos reggeli \u00e9s sv\u00e9dasztalos vacsora,<\/span>\n\t\t\t\t\t\t\t\t\t<\/li>\n\t\t\t\t\t\t\t\t<li class=\"elementor-icon-list-item\">\n\t\t\t\t\t\t\t\t\t\t\t<span class=\"elementor-icon-list-icon\">\n\t\t\t\t\t\t\t<i aria-hidden=\"true\" class=\"far fa-heart\"><\/i>\t\t\t\t\t\t<\/span>\n\t\t\t\t\t\t\t\t\t\t<span class=\"elementor-icon-list-text\">1 palack pezsg\u0151,<\/span>\n\t\t\t\t\t\t\t\t\t<\/li>\n\t\t\t\t\t\t\t\t<li class=\"elementor-icon-list-item\">\n\t\t\t\t\t\t\t\t\t\t\t<span class=\"elementor-icon-list-icon\">\n\t\t\t\t\t\t\t<i aria-hidden=\"true\" class=\"far fa-heart\"><\/i>\t\t\t\t\t\t<\/span>\n\t\t\t\t\t\t\t\t\t\t<span class=\"elementor-icon-list-text\">R\u00f3zsaszirom az \u00e1gy k\u00f6r\u00fcl,<\/span>\n\t\t\t\t\t\t\t\t\t<\/li>\n\t\t\t\t\t\t\t\t<li class=\"elementor-icon-list-item\">\n\t\t\t\t\t\t\t\t\t\t\t<span class=\"elementor-icon-list-icon\">\n\t\t\t\t\t\t\t<i aria-hidden=\"true\" class=\"far fa-heart\"><\/i>\t\t\t\t\t\t<\/span>\n\t\t\t\t\t\t\t\t\t\t<span class=\"elementor-icon-list-text\">1 sz\u00e1l r\u00f3zsa,<\/span>\n\t\t\t\t\t\t\t\t\t<\/li>\n\t\t\t\t\t\t\t\t<li class=\"elementor-icon-list-item\">\n\t\t\t\t\t\t\t\t\t\t\t<span class=\"elementor-icon-list-icon\">\n\t\t\t\t\t\t\t<i aria-hidden=\"true\" class=\"far fa-heart\"><\/i>\t\t\t\t\t\t<\/span>\n\t\t\t\t\t\t\t\t\t\t<span class=\"elementor-icon-list-text\">2 db b\u00e9relhet\u0151 szobakell\u00e9k (k\u00e1ma fal, szex-swing hinta, tantra sz\u00e9k, k\u00e1ma-pad)<\/span>\n\t\t\t\t\t\t\t\t\t<\/li>\n\t\t\t\t\t\t\t\t<li class=\"elementor-icon-list-item\">\n\t\t\t\t\t\t\t\t\t\t\t<span class=\"elementor-icon-list-icon\">\n\t\t\t\t\t\t\t<i aria-hidden=\"true\" class=\"far fa-heart\"><\/i>\t\t\t\t\t\t<\/span>\n\t\t\t\t\t\t\t\t\t\t<span class=\"elementor-icon-list-text\">1 db hazavihet\u0151 j\u00e1t\u00e9kszer<\/span>\n\t\t\t\t\t\t\t\t\t<\/li>\n\t\t\t\t\t\t\t\t<li class=\"elementor-icon-list-item\">\n\t\t\t\t\t\t\t\t\t\t\t<span class=\"elementor-icon-list-icon\">\n\t\t\t\t\t\t\t<i aria-hidden=\"true\" class=\"far fa-heart\"><\/i>\t\t\t\t\t\t<\/span>\n\t\t\t\t\t\t\t\t\t\t<span class=\"elementor-icon-list-text\">1 db szexi ruha<\/span>\n\t\t\t\t\t\t\t\t\t<\/li>\n\t\t\t\t\t\t\t\t<li class=\"elementor-icon-list-item\">\n\t\t\t\t\t\t\t\t\t\t\t<span class=\"elementor-icon-list-icon\">\n\t\t\t\t\t\t\t<i aria-hidden=\"true\" class=\"far fa-heart\"><\/i>\t\t\t\t\t\t<\/span>\n\t\t\t\t\t\t\t\t\t\t<span class=\"elementor-icon-list-text\">Aj\u00e1nlatunk p\u00e9nteki \u00e9s szombati \u00e9rkez\u00e9s eset\u00e9n 20.000 Ft fel\u00e1r ellen\u00e9ben vehet\u0151 ig\u00e9nybe<\/span>\n\t\t\t\t\t\t\t\t\t<\/li>\n\t\t\t\t\t\t<\/ul>\n\t\t\t\t<\/div>\n\t\t\t\t<\/div>\n\t\t\t\t<div class=\"elementor-element elementor-element-3ff37ac elementor-widget elementor-widget-text-editor\" data-id=\"3ff37ac\" data-element_type=\"widget\" data-widget_type=\"text-editor.default\">\n\t\t\t\t<div class=\"elementor-widget-container\">\n\t\t\t\t\t<div class=\"elementor-text-editor elementor-clearfix\"><h3><strong>K\u00e9rhetsz extra szolg\u00e1ltat\u00e1st is recepci\u00f3nkon<\/strong><\/h3><\/div>\n\t\t\t\t<\/div>\n\t\t\t\t<\/div>\n\t\t\t\t<div class=\"elementor-element elementor-element-5ab38ecc elementor-icon-list--layout-traditional elementor-list-item-link-full_width elementor-widget elementor-widget-icon-list\" data-id=\"5ab38ecc\" data-element_type=\"widget\" data-widget_type=\"icon-list.default\">\n\t\t\t\t<div class=\"elementor-widget-container\">\n\t\t\t\t\t<ul class=\"elementor-icon-list-items\">\n\t\t\t\t\t\t\t<li class=\"elementor-icon-list-item\">\n\t\t\t\t\t\t\t\t\t\t\t<span class=\"elementor-icon-list-icon\">\n\t\t\t\t\t\t\t<i aria-hidden=\"true\" class=\"far fa-heart\"><\/i>\t\t\t\t\t\t<\/span>\n\t\t\t\t\t\t\t\t\t\t<span class=\"elementor-icon-list-text\">1 \u00f3r\u00e1s priv\u00e1t Corvin SPA (4.000,-Ft\/\u00f3ra)<\/span>\n\t\t\t\t\t\t\t\t\t<\/li>\n\t\t\t\t\t\t\t\t<li class=\"elementor-icon-list-item\">\n\t\t\t\t\t\t\t\t\t\t\t<span class=\"elementor-icon-list-icon\">\n\t\t\t\t\t\t\t<i aria-hidden=\"true\" class=\"far fa-heart\"><\/i>\t\t\t\t\t\t<\/span>\n\t\t\t\t\t\t\t\t\t\t<span class=\"elementor-icon-list-text\">F\u00fcrd\u0151k\u00f6nt\u00f6s \u00e9s wellness-t\u00f6r\u00f6lk\u00f6z\u0151 biztos\u00edt\u00e1sa<\/span>\n\t\t\t\t\t\t\t\t\t<\/li>\n\t\t\t\t\t\t<\/ul>\n\t\t\t\t<\/div>\n\t\t\t\t<\/div>\n\t\t\t\t\t\t<\/div>\n\t\t\t\t\t<\/div>\n\t\t<\/div>\n\t\t\t\t\t\t\t\t<\/div>\n\t\t\t\t\t<\/div>\n\t\t<\/section>\n\t\t\t\t<section class=\"elementor-section elementor-top-section elementor-element elementor-element-6562cc9f elementor-section-height-min-height elementor-section-boxed elementor-section-height-default elementor-section-items-middle\" data-id=\"6562cc9f\" data-element_type=\"section\" data-settings=\"{&quot;background_background&quot;:&quot;gradient&quot;}\">\n\t\t\t\t\t\t<div class=\"elementor-container elementor-column-gap-default\">\n\t\t\t\t\t\t\t<div class=\"elementor-row\">\n\t\t\t\t\t<div class=\"elementor-column elementor-col-50 elementor-top-column elementor-element elementor-element-28e0491a\" data-id=\"28e0491a\" data-element_type=\"column\">\n\t\t\t<div class=\"elementor-column-wrap elementor-element-populated\">\n\t\t\t\t\t\t\t<div class=\"elementor-widget-wrap\">\n\t\t\t\t\t\t<div class=\"elementor-element elementor-element-46bfd136 elementor-widget elementor-widget-heading\" data-id=\"46bfd136\" data-element_type=\"widget\" data-widget_type=\"heading.default\">\n\t\t\t\t<div class=\"elementor-widget-container\">\n\t\t\t<h2 class=\"elementor-heading-title elementor-size-default\"><a href=\"https:\/\/nethotelbooking.net\/hotels\/corvin-hotel\/code=romantikus-ajandek#OMQY1X0FP8I7U26YLP27W2YQTGSVU7OATNXT\">Sz\u00e1ll\u00e1sfoglal\u00e1s \u00e9s \u00e1rkalkul\u00e1ci\u00f3!<\/a><\/h2>\t\t<\/div>\n\t\t\t\t<\/div>\n\t\t\t\t\t\t<\/div>\n\t\t\t\t\t<\/div>\n\t\t<\/div>\n\t\t\t\t<div class=\"elementor-column elementor-col-50 elementor-top-column elementor-element elementor-element-211fa4d4\" data-id=\"211fa4d4\" data-element_type=\"column\">\n\t\t\t<div class=\"elementor-column-wrap elementor-element-populated\">\n\t\t\t\t\t\t\t<div class=\"elementor-widget-wrap\">\n\t\t\t\t\t\t<div class=\"elementor-element elementor-element-5c84f417 elementor-mobile-align-left elementor-align-center elementor-widget elementor-widget-button\" data-id=\"5c84f417\" data-element_type=\"widget\" data-widget_type=\"button.default\">\n\t\t\t\t<div class=\"elementor-widget-container\">\n\t\t\t\t\t<div class=\"elementor-button-wrapper\">\n\t\t\t<a href=\"https:\/\/nethotelbooking.net\/hotels\/corvin-hotel\/code=romantikus-ajandek#OMQY1X0FP8I7U26YLP27W2YQTGSVU7OATNXT\" class=\"elementor-button-link elementor-button elementor-size-sm\" role=\"button\">\n\t\t\t\t\t\t<span class=\"elementor-button-content-wrapper\">\n\t\t\t\t\t\t<span class=\"elementor-button-text\">Megn\u00e9zem<\/span>\n\t\t<\/span>\n\t\t\t\t\t<\/a>\n\t\t<\/div>\n\t\t\t\t<\/div>\n\t\t\t\t<\/div>\n\t\t\t\t\t\t<\/div>\n\t\t\t\t\t<\/div>\n\t\t<\/div>\n\t\t\t\t\t\t\t\t<\/div>\n\t\t\t\t\t<\/div>\n\t\t<\/section>\n\t\t\t\t\t\t<\/div>\n\t\t\t\t\t\t<\/div>\n\t\t\t\t\t<\/div>\n\t\t","protected":false},"excerpt":{"rendered":"<p>SZERELMES \u00c9JSZAK\u00c1K GYUL\u00c1N Mindent kipr\u00f3b\u00e1lok &#8211; szerelmes \u00e9jszak\u00e1k! Aj\u00e1nlatunkban v\u00e1lassz kieg\u00e9sz\u00edt\u0151inkb\u0151l olyat, mi igaz\u00e1n \u00f6r\u00f6met okozna nektek A p\u00e1rkapcsolatokban fontos a meg\u00fajul\u00e1s, az egym\u00e1ssal val\u00f3 meghitt besz\u00e9lget\u00e9sek. Ezek alatt felsz\u00ednre ker\u00fclnek az egy\u00e9ni v\u00e1gyak, a k\u00edv\u00e1ns\u00e1gok, melyek legt\u00f6bbsz\u00f6r csak \u00e1br\u00e1ndok maradnak. Mi\u00e9rt maradnak \u00e1br\u00e1ndok? Mert az otthoni k\u00f6rnyezetben neh\u00e9z megval\u00f3s\u00edtani k\u00e9pzelet\u00fcnk k\u00edv\u00e1ns\u00e1gait. A helysz\u00edn ugyan &#8230; <a title=\"Szerelmes \u00e9jszak\u00e1k Gyul\u00e1n\" class=\"read-more\" href=\"https:\/\/romantikus-ajandek.hu\/mentes\/szerelmes-ejszakak-gyulan\/\" aria-label=\"More on Szerelmes \u00e9jszak\u00e1k Gyul\u00e1n\">Read more<\/a><\/p>\n","protected":false},"author":2,"featured_media":0,"parent":0,"menu_order":0,"comment_status":"closed","ping_status":"closed","template":"elementor_header_footer","meta":[],"_links":{"self":[{"href":"https:\/\/romantikus-ajandek.hu\/mentes\/wp-json\/wp\/v2\/pages\/1384"}],"collection":[{"href":"https:\/\/romantikus-ajandek.hu\/mentes\/wp-json\/wp\/v2\/pages"}],"about":[{"href":"https:\/\/romantikus-ajandek.hu\/mentes\/wp-json\/wp\/v2\/types\/page"}],"author":[{"embeddable":true,"href":"https:\/\/romantikus-ajandek.hu\/mentes\/wp-json\/wp\/v2\/users\/2"}],"replies":[{"embeddable":true,"href":"https:\/\/romantikus-ajandek.hu\/mentes\/wp-json\/wp\/v2\/comments?post=1384"}],"version-history":[{"count":22,"href":"https:\/\/romantikus-ajandek.hu\/mentes\/wp-json\/wp\/v2\/pages\/1384\/revisions"}],"predecessor-version":[{"id":1952,"href":"https:\/\/romantikus-ajandek.hu\/mentes\/wp-json\/wp\/v2\/pages\/1384\/revisions\/1952"}],"wp:attachment":[{"href":"https:\/\/romantikus-ajandek.hu\/mentes\/wp-json\/wp\/v2\/media?parent=1384"}],"curies":[{"name":"wp","href":"https:\/\/api.w.org\/{rel}","templated":true}]}}