{"id":1382,"date":"2022-05-04T09:20:43","date_gmt":"2022-05-04T07:20:43","guid":{"rendered":"https:\/\/romantikus-ajandek.hu\/?page_id=1382"},"modified":"2022-05-16T21:26:53","modified_gmt":"2022-05-16T19:26:53","slug":"szerelmes-wellnessezes","status":"publish","type":"page","link":"https:\/\/romantikus-ajandek.hu\/mentes\/szerelmes-wellnessezes\/","title":{"rendered":"Szerelmes WELLNESSEZ\u00c9S"},"content":{"rendered":"\t\t<div data-elementor-type=\"wp-page\" data-elementor-id=\"1382\" class=\"elementor elementor-1382\" data-elementor-settings=\"[]\">\n\t\t\t\t\t\t<div class=\"elementor-inner\">\n\t\t\t\t\t\t\t<div class=\"elementor-section-wrap\">\n\t\t\t\t\t\t\t<section class=\"elementor-section elementor-top-section elementor-element elementor-element-7c278053 elementor-section-boxed elementor-section-height-default elementor-section-height-default\" data-id=\"7c278053\" data-element_type=\"section\" data-settings=\"{&quot;background_background&quot;:&quot;classic&quot;}\">\n\t\t\t\t\t\t\t<div class=\"elementor-background-overlay\"><\/div>\n\t\t\t\t\t\t\t<div class=\"elementor-container elementor-column-gap-default\">\n\t\t\t\t\t\t\t<div class=\"elementor-row\">\n\t\t\t\t\t<div class=\"elementor-column elementor-col-100 elementor-top-column elementor-element elementor-element-69beaad4\" data-id=\"69beaad4\" data-element_type=\"column\">\n\t\t\t<div class=\"elementor-column-wrap elementor-element-populated\">\n\t\t\t\t\t\t\t<div class=\"elementor-widget-wrap\">\n\t\t\t\t\t\t<div class=\"elementor-element elementor-element-6c9b7709 elementor-widget elementor-widget-heading\" data-id=\"6c9b7709\" data-element_type=\"widget\" data-widget_type=\"heading.default\">\n\t\t\t\t<div class=\"elementor-widget-container\">\n\t\t\t<h2 class=\"elementor-heading-title elementor-size-default\">EROTIKUS NAPOK<\/h2>\t\t<\/div>\n\t\t\t\t<\/div>\n\t\t\t\t\t\t<\/div>\n\t\t\t\t\t<\/div>\n\t\t<\/div>\n\t\t\t\t\t\t\t\t<\/div>\n\t\t\t\t\t<\/div>\n\t\t<\/section>\n\t\t\t\t<section class=\"elementor-section elementor-top-section elementor-element elementor-element-123e62e1 elementor-section-boxed elementor-section-height-default elementor-section-height-default\" data-id=\"123e62e1\" data-element_type=\"section\">\n\t\t\t\t\t\t<div class=\"elementor-container elementor-column-gap-default\">\n\t\t\t\t\t\t\t<div class=\"elementor-row\">\n\t\t\t\t\t<div class=\"elementor-column elementor-col-50 elementor-top-column elementor-element elementor-element-4567bd27\" data-id=\"4567bd27\" data-element_type=\"column\">\n\t\t\t<div class=\"elementor-column-wrap elementor-element-populated\">\n\t\t\t\t\t\t\t<div class=\"elementor-widget-wrap\">\n\t\t\t\t\t\t<div class=\"elementor-element elementor-element-468d6d23 elementor-widget elementor-widget-text-editor\" data-id=\"468d6d23\" data-element_type=\"widget\" data-widget_type=\"text-editor.default\">\n\t\t\t\t<div class=\"elementor-widget-container\">\n\t\t\t\t\t<div class=\"elementor-text-editor elementor-clearfix\"><h2>Ugye \u00d6n sem veti meg a szeretetteljes erotik\u00e1t \u00e9s szeretne p\u00e1rj\u00e1nak \u00f6r\u00f6met szerezni?<\/h2><p>Lehet az is, hogy most tart ott kapcsolatotok, hogy extra dolgokat vinn\u00e9tek egy\u00fcttl\u00e9tetekbe?<\/p><p>Mit ny\u00fajt a romantikus-erotikus egy\u00fcttl\u00e9t?<\/p><p>meg\u00fajul\u00e1st<br \/>saj\u00e1t magunk \u00e9s partner\u00fcnk ismeretlen rejtett ter\u00fcleteinek, v\u00e1gy\u00e1nak felfedez\u00e9s\u00e9t<\/p><p>Ebben a sz\u00e1llodai csomagaj\u00e1nlatban sz\u00e1llodai K\u00c1MA-SZ\u00daTRA szob\u00e1tokba feln\u0151tt j\u00e1t\u00e9kszereket, kieg\u00e9sz\u00edt\u0151ket k\u00edn\u00e1lunk bek\u00e9sz\u00edtve, 1 palack pezsg\u0151vel, priv\u00e1t spa haszn\u00e1lattal, massz\u00e1zzsal, sv\u00e9dasztalos reggelivel \u00e9s vacsor\u00e1val.<\/p><p>H\u00e9tv\u00e9g\u00e9n ( p\u00e9ntek, szombat \u00e9jszaka) 20.000,-Ft \/ szoba \/ \u00e9j fel\u00e1r ellen\u00e9ben foglalhat\u00f3<\/p><\/div>\n\t\t\t\t<\/div>\n\t\t\t\t<\/div>\n\t\t\t\t\t\t<\/div>\n\t\t\t\t\t<\/div>\n\t\t<\/div>\n\t\t\t\t<div class=\"elementor-column elementor-col-50 elementor-top-column elementor-element elementor-element-b9da58\" data-id=\"b9da58\" data-element_type=\"column\">\n\t\t\t<div class=\"elementor-column-wrap elementor-element-populated\">\n\t\t\t\t\t\t\t<div class=\"elementor-widget-wrap\">\n\t\t\t\t\t\t<div class=\"elementor-element elementor-element-624294e4 elementor-widget elementor-widget-image\" data-id=\"624294e4\" data-element_type=\"widget\" data-widget_type=\"image.default\">\n\t\t\t\t<div class=\"elementor-widget-container\">\n\t\t\t\t\t<div class=\"elementor-image\">\n\t\t\t\t\t\t\t\t\t\t<img width=\"800\" height=\"484\" src=\"https:\/\/romantikus-ajandek.hu\/mentes\/wp-content\/uploads\/2022\/05\/2_romantikus_ajandek_szerelem_luxuskivitelben.jpg\" class=\"attachment-large size-large\" alt=\"\" loading=\"lazy\" srcset=\"https:\/\/romantikus-ajandek.hu\/mentes\/wp-content\/uploads\/2022\/05\/2_romantikus_ajandek_szerelem_luxuskivitelben.jpg 800w, https:\/\/romantikus-ajandek.hu\/mentes\/wp-content\/uploads\/2022\/05\/2_romantikus_ajandek_szerelem_luxuskivitelben-300x182.jpg 300w, https:\/\/romantikus-ajandek.hu\/mentes\/wp-content\/uploads\/2022\/05\/2_romantikus_ajandek_szerelem_luxuskivitelben-768x465.jpg 768w\" sizes=\"(max-width: 800px) 100vw, 800px\" \/>\t\t\t\t\t\t\t\t\t\t\t<\/div>\n\t\t\t\t<\/div>\n\t\t\t\t<\/div>\n\t\t\t\t\t\t<\/div>\n\t\t\t\t\t<\/div>\n\t\t<\/div>\n\t\t\t\t\t\t\t\t<\/div>\n\t\t\t\t\t<\/div>\n\t\t<\/section>\n\t\t\t\t<section class=\"elementor-section elementor-top-section elementor-element elementor-element-1c89660a elementor-section-boxed elementor-section-height-default elementor-section-height-default\" data-id=\"1c89660a\" data-element_type=\"section\">\n\t\t\t\t\t\t<div class=\"elementor-container elementor-column-gap-default\">\n\t\t\t\t\t\t\t<div class=\"elementor-row\">\n\t\t\t\t\t<div class=\"elementor-column elementor-col-16 elementor-top-column elementor-element elementor-element-52750048\" data-id=\"52750048\" data-element_type=\"column\">\n\t\t\t<div class=\"elementor-column-wrap\">\n\t\t\t\t\t\t\t<div class=\"elementor-widget-wrap\">\n\t\t\t\t\t\t\t\t<\/div>\n\t\t\t\t\t<\/div>\n\t\t<\/div>\n\t\t\t\t<div class=\"elementor-column elementor-col-66 elementor-top-column elementor-element elementor-element-c827e25\" data-id=\"c827e25\" data-element_type=\"column\" data-settings=\"{&quot;background_background&quot;:&quot;classic&quot;}\">\n\t\t\t<div class=\"elementor-column-wrap elementor-element-populated\">\n\t\t\t\t\t\t\t<div class=\"elementor-widget-wrap\">\n\t\t\t\t\t\t<div class=\"elementor-element elementor-element-8b083b2 elementor-widget elementor-widget-text-editor\" data-id=\"8b083b2\" data-element_type=\"widget\" data-widget_type=\"text-editor.default\">\n\t\t\t\t<div class=\"elementor-widget-container\">\n\t\t\t\t\t<div class=\"elementor-text-editor elementor-clearfix\"><p style=\"text-align: center;\"><strong>3 nap\/2 \u00e9jszak\u00e1s romantikus aj\u00e1nlat<\/strong><br \/><strong>74.900,-Ft\/2 \u00e9j<\/strong><br \/><strong>\u00e1ron sv\u00e9dasztalos f\u00e9lpanzi\u00f3s ell\u00e1t\u00e1ssal!<\/strong><\/p><\/div>\n\t\t\t\t<\/div>\n\t\t\t\t<\/div>\n\t\t\t\t\t\t<\/div>\n\t\t\t\t\t<\/div>\n\t\t<\/div>\n\t\t\t\t<div class=\"elementor-column elementor-col-16 elementor-top-column elementor-element elementor-element-202e6d25\" data-id=\"202e6d25\" data-element_type=\"column\">\n\t\t\t<div class=\"elementor-column-wrap\">\n\t\t\t\t\t\t\t<div class=\"elementor-widget-wrap\">\n\t\t\t\t\t\t\t\t<\/div>\n\t\t\t\t\t<\/div>\n\t\t<\/div>\n\t\t\t\t\t\t\t\t<\/div>\n\t\t\t\t\t<\/div>\n\t\t<\/section>\n\t\t\t\t<section class=\"elementor-section elementor-top-section elementor-element elementor-element-49569b33 elementor-section-boxed elementor-section-height-default elementor-section-height-default\" data-id=\"49569b33\" data-element_type=\"section\">\n\t\t\t\t\t\t<div class=\"elementor-container elementor-column-gap-default\">\n\t\t\t\t\t\t\t<div class=\"elementor-row\">\n\t\t\t\t\t<div class=\"elementor-column elementor-col-100 elementor-top-column elementor-element elementor-element-610887d0\" data-id=\"610887d0\" data-element_type=\"column\">\n\t\t\t<div class=\"elementor-column-wrap elementor-element-populated\">\n\t\t\t\t\t\t\t<div class=\"elementor-widget-wrap\">\n\t\t\t\t\t\t<div class=\"elementor-element elementor-element-7a7b6b8d elementor-widget-divider--view-line_icon elementor-view-default elementor-widget-divider--element-align-center elementor-widget elementor-widget-divider\" data-id=\"7a7b6b8d\" data-element_type=\"widget\" data-widget_type=\"divider.default\">\n\t\t\t\t<div class=\"elementor-widget-container\">\n\t\t\t\t\t<div class=\"elementor-divider\">\n\t\t\t<span class=\"elementor-divider-separator\">\n\t\t\t\t\t\t\t<div class=\"elementor-icon elementor-divider__element\">\n\t\t\t\t\t<i aria-hidden=\"true\" class=\"far fa-heart\"><\/i><\/div>\n\t\t\t\t\t\t<\/span>\n\t\t<\/div>\n\t\t\t\t<\/div>\n\t\t\t\t<\/div>\n\t\t\t\t\t\t<\/div>\n\t\t\t\t\t<\/div>\n\t\t<\/div>\n\t\t\t\t\t\t\t\t<\/div>\n\t\t\t\t\t<\/div>\n\t\t<\/section>\n\t\t\t\t<section class=\"elementor-section elementor-top-section elementor-element elementor-element-6bb1d28f elementor-section-boxed elementor-section-height-default elementor-section-height-default\" data-id=\"6bb1d28f\" data-element_type=\"section\">\n\t\t\t\t\t\t<div class=\"elementor-container elementor-column-gap-default\">\n\t\t\t\t\t\t\t<div class=\"elementor-row\">\n\t\t\t\t\t<div class=\"elementor-column elementor-col-50 elementor-top-column elementor-element elementor-element-682d57d2\" data-id=\"682d57d2\" data-element_type=\"column\">\n\t\t\t<div class=\"elementor-column-wrap elementor-element-populated\">\n\t\t\t\t\t\t\t<div class=\"elementor-widget-wrap\">\n\t\t\t\t\t\t<div class=\"elementor-element elementor-element-16c6f469 elementor-widget elementor-widget-image\" data-id=\"16c6f469\" data-element_type=\"widget\" data-widget_type=\"image.default\">\n\t\t\t\t<div class=\"elementor-widget-container\">\n\t\t\t\t\t<div class=\"elementor-image\">\n\t\t\t\t\t\t\t\t\t\t<img width=\"413\" height=\"580\" src=\"https:\/\/romantikus-ajandek.hu\/mentes\/wp-content\/uploads\/2022\/05\/jelmez.png\" class=\"attachment-large size-large\" alt=\"\" loading=\"lazy\" srcset=\"https:\/\/romantikus-ajandek.hu\/mentes\/wp-content\/uploads\/2022\/05\/jelmez.png 413w, https:\/\/romantikus-ajandek.hu\/mentes\/wp-content\/uploads\/2022\/05\/jelmez-214x300.png 214w\" sizes=\"(max-width: 413px) 100vw, 413px\" \/>\t\t\t\t\t\t\t\t\t\t\t<\/div>\n\t\t\t\t<\/div>\n\t\t\t\t<\/div>\n\t\t\t\t\t\t<\/div>\n\t\t\t\t\t<\/div>\n\t\t<\/div>\n\t\t\t\t<div class=\"elementor-column elementor-col-50 elementor-top-column elementor-element elementor-element-72646619\" data-id=\"72646619\" data-element_type=\"column\">\n\t\t\t<div class=\"elementor-column-wrap elementor-element-populated\">\n\t\t\t\t\t\t\t<div class=\"elementor-widget-wrap\">\n\t\t\t\t\t\t<div class=\"elementor-element elementor-element-22a340e elementor-widget elementor-widget-text-editor\" data-id=\"22a340e\" data-element_type=\"widget\" data-widget_type=\"text-editor.default\">\n\t\t\t\t<div class=\"elementor-widget-container\">\n\t\t\t\t\t<div class=\"elementor-text-editor elementor-clearfix\"><h2><strong>Mit tartalmaz a csomag?<\/strong><\/h2><\/div>\n\t\t\t\t<\/div>\n\t\t\t\t<\/div>\n\t\t\t\t<div class=\"elementor-element elementor-element-577b9eb4 elementor-icon-list--layout-traditional elementor-list-item-link-full_width elementor-widget elementor-widget-icon-list\" data-id=\"577b9eb4\" data-element_type=\"widget\" data-widget_type=\"icon-list.default\">\n\t\t\t\t<div class=\"elementor-widget-container\">\n\t\t\t\t\t<ul class=\"elementor-icon-list-items\">\n\t\t\t\t\t\t\t<li class=\"elementor-icon-list-item\">\n\t\t\t\t\t\t\t\t\t\t\t<span class=\"elementor-icon-list-icon\">\n\t\t\t\t\t\t\t<i aria-hidden=\"true\" class=\"far fa-heart\"><\/i>\t\t\t\t\t\t<\/span>\n\t\t\t\t\t\t\t\t\t\t<span class=\"elementor-icon-list-text\">Sz\u00e1ll\u00e1s a Corvin Hotelben, K\u00e1ma-Sz\u00fatra szob\u00e1ban,<\/span>\n\t\t\t\t\t\t\t\t\t<\/li>\n\t\t\t\t\t\t\t\t<li class=\"elementor-icon-list-item\">\n\t\t\t\t\t\t\t\t\t\t\t<span class=\"elementor-icon-list-icon\">\n\t\t\t\t\t\t\t<i aria-hidden=\"true\" class=\"far fa-heart\"><\/i>\t\t\t\t\t\t<\/span>\n\t\t\t\t\t\t\t\t\t\t<span class=\"elementor-icon-list-text\">Sv\u00e9dasztalos reggeli \u00e9s sv\u00e9dasztalos vacsora,<\/span>\n\t\t\t\t\t\t\t\t\t<\/li>\n\t\t\t\t\t\t\t\t<li class=\"elementor-icon-list-item\">\n\t\t\t\t\t\t\t\t\t\t\t<span class=\"elementor-icon-list-icon\">\n\t\t\t\t\t\t\t<i aria-hidden=\"true\" class=\"far fa-heart\"><\/i>\t\t\t\t\t\t<\/span>\n\t\t\t\t\t\t\t\t\t\t<span class=\"elementor-icon-list-text\">1 palack pezsg\u0151,<\/span>\n\t\t\t\t\t\t\t\t\t<\/li>\n\t\t\t\t\t\t\t\t<li class=\"elementor-icon-list-item\">\n\t\t\t\t\t\t\t\t\t\t\t<span class=\"elementor-icon-list-icon\">\n\t\t\t\t\t\t\t<i aria-hidden=\"true\" class=\"far fa-heart\"><\/i>\t\t\t\t\t\t<\/span>\n\t\t\t\t\t\t\t\t\t\t<span class=\"elementor-icon-list-text\">R\u00f3zsaszirom az \u00e1gy k\u00f6r\u00fcl,<\/span>\n\t\t\t\t\t\t\t\t\t<\/li>\n\t\t\t\t\t\t\t\t<li class=\"elementor-icon-list-item\">\n\t\t\t\t\t\t\t\t\t\t\t<span class=\"elementor-icon-list-icon\">\n\t\t\t\t\t\t\t<i aria-hidden=\"true\" class=\"far fa-heart\"><\/i>\t\t\t\t\t\t<\/span>\n\t\t\t\t\t\t\t\t\t\t<span class=\"elementor-icon-list-text\">1 sz\u00e1l r\u00f3zsa,<\/span>\n\t\t\t\t\t\t\t\t\t<\/li>\n\t\t\t\t\t\t\t\t<li class=\"elementor-icon-list-item\">\n\t\t\t\t\t\t\t\t\t\t\t<span class=\"elementor-icon-list-icon\">\n\t\t\t\t\t\t\t<i aria-hidden=\"true\" class=\"far fa-heart\"><\/i>\t\t\t\t\t\t<\/span>\n\t\t\t\t\t\t\t\t\t\t<span class=\"elementor-icon-list-text\">1 db bek\u00e9sz\u00edthet\u0151 szobakell\u00e9k vagy 1 db szexi ruha vagy 1 db j\u00e1t\u00e9kszer<\/span>\n\t\t\t\t\t\t\t\t\t<\/li>\n\t\t\t\t\t\t\t\t<li class=\"elementor-icon-list-item\">\n\t\t\t\t\t\t\t\t\t\t\t<span class=\"elementor-icon-list-icon\">\n\t\t\t\t\t\t\t<i aria-hidden=\"true\" class=\"far fa-heart\"><\/i>\t\t\t\t\t\t<\/span>\n\t\t\t\t\t\t\t\t\t\t<span class=\"elementor-icon-list-text\">Aj\u00e1nlatunk p\u00e9nteki \u00e9s szombati \u00e9rkez\u00e9s eset\u00e9n 20.000 Ft fel\u00e1r ellen\u00e9ben vehet\u0151 ig\u00e9nybe<\/span>\n\t\t\t\t\t\t\t\t\t<\/li>\n\t\t\t\t\t\t<\/ul>\n\t\t\t\t<\/div>\n\t\t\t\t<\/div>\n\t\t\t\t<div class=\"elementor-element elementor-element-d428293 elementor-widget elementor-widget-text-editor\" data-id=\"d428293\" data-element_type=\"widget\" data-widget_type=\"text-editor.default\">\n\t\t\t\t<div class=\"elementor-widget-container\">\n\t\t\t\t\t<div class=\"elementor-text-editor elementor-clearfix\"><h3><strong>K\u00e9rhetsz extra szolg\u00e1ltat\u00e1st is recepci\u00f3nkon<\/strong><\/h3><\/div>\n\t\t\t\t<\/div>\n\t\t\t\t<\/div>\n\t\t\t\t<div class=\"elementor-element elementor-element-72817ee3 elementor-icon-list--layout-traditional elementor-list-item-link-full_width elementor-widget elementor-widget-icon-list\" data-id=\"72817ee3\" data-element_type=\"widget\" data-widget_type=\"icon-list.default\">\n\t\t\t\t<div class=\"elementor-widget-container\">\n\t\t\t\t\t<ul class=\"elementor-icon-list-items\">\n\t\t\t\t\t\t\t<li class=\"elementor-icon-list-item\">\n\t\t\t\t\t\t\t\t\t\t\t<span class=\"elementor-icon-list-icon\">\n\t\t\t\t\t\t\t<i aria-hidden=\"true\" class=\"far fa-heart\"><\/i>\t\t\t\t\t\t<\/span>\n\t\t\t\t\t\t\t\t\t\t<span class=\"elementor-icon-list-text\">1 \u00f3r\u00e1s priv\u00e1t Corvin SPA (4.000,-Ft\/\u00f3ra)<\/span>\n\t\t\t\t\t\t\t\t\t<\/li>\n\t\t\t\t\t\t\t\t<li class=\"elementor-icon-list-item\">\n\t\t\t\t\t\t\t\t\t\t\t<span class=\"elementor-icon-list-icon\">\n\t\t\t\t\t\t\t<i aria-hidden=\"true\" class=\"far fa-heart\"><\/i>\t\t\t\t\t\t<\/span>\n\t\t\t\t\t\t\t\t\t\t<span class=\"elementor-icon-list-text\">F\u00fcrd\u0151k\u00f6nt\u00f6s \u00e9s wellness-t\u00f6r\u00f6lk\u00f6z\u0151 biztos\u00edt\u00e1sa<\/span>\n\t\t\t\t\t\t\t\t\t<\/li>\n\t\t\t\t\t\t<\/ul>\n\t\t\t\t<\/div>\n\t\t\t\t<\/div>\n\t\t\t\t\t\t<\/div>\n\t\t\t\t\t<\/div>\n\t\t<\/div>\n\t\t\t\t\t\t\t\t<\/div>\n\t\t\t\t\t<\/div>\n\t\t<\/section>\n\t\t\t\t<section class=\"elementor-section elementor-top-section elementor-element elementor-element-6d0fa526 elementor-section-height-min-height elementor-section-boxed elementor-section-height-default elementor-section-items-middle\" data-id=\"6d0fa526\" data-element_type=\"section\" data-settings=\"{&quot;background_background&quot;:&quot;gradient&quot;}\">\n\t\t\t\t\t\t<div class=\"elementor-container elementor-column-gap-default\">\n\t\t\t\t\t\t\t<div class=\"elementor-row\">\n\t\t\t\t\t<div class=\"elementor-column elementor-col-50 elementor-top-column elementor-element elementor-element-3c3f5772\" data-id=\"3c3f5772\" data-element_type=\"column\">\n\t\t\t<div class=\"elementor-column-wrap elementor-element-populated\">\n\t\t\t\t\t\t\t<div class=\"elementor-widget-wrap\">\n\t\t\t\t\t\t<div class=\"elementor-element elementor-element-1cd5a01c elementor-widget elementor-widget-heading\" data-id=\"1cd5a01c\" data-element_type=\"widget\" data-widget_type=\"heading.default\">\n\t\t\t\t<div class=\"elementor-widget-container\">\n\t\t\t<h2 class=\"elementor-heading-title elementor-size-default\"><a href=\"https:\/\/nethotelbooking.net\/hotels\/corvin-hotel\/code=romantikus-ajandek#OMQY1X0FP8I7U26YLP27W2YQTGSVU7OATNXT\">Sz\u00e1ll\u00e1sfoglal\u00e1s \u00e9s \u00e1rkalkul\u00e1ci\u00f3!<\/a><\/h2>\t\t<\/div>\n\t\t\t\t<\/div>\n\t\t\t\t\t\t<\/div>\n\t\t\t\t\t<\/div>\n\t\t<\/div>\n\t\t\t\t<div class=\"elementor-column elementor-col-50 elementor-top-column elementor-element elementor-element-26a837e1\" data-id=\"26a837e1\" data-element_type=\"column\">\n\t\t\t<div class=\"elementor-column-wrap elementor-element-populated\">\n\t\t\t\t\t\t\t<div class=\"elementor-widget-wrap\">\n\t\t\t\t\t\t<div class=\"elementor-element elementor-element-59e47d93 elementor-mobile-align-left elementor-align-center elementor-widget elementor-widget-button\" data-id=\"59e47d93\" data-element_type=\"widget\" data-widget_type=\"button.default\">\n\t\t\t\t<div class=\"elementor-widget-container\">\n\t\t\t\t\t<div class=\"elementor-button-wrapper\">\n\t\t\t<a href=\"https:\/\/nethotelbooking.net\/hotels\/corvin-hotel\/code=romantikus-ajandek#OMQY1X0FP8I7U26YLP27W2YQTGSVU7OATNXT\" class=\"elementor-button-link elementor-button elementor-size-sm\" role=\"button\">\n\t\t\t\t\t\t<span class=\"elementor-button-content-wrapper\">\n\t\t\t\t\t\t<span class=\"elementor-button-text\">Megn\u00e9zem<\/span>\n\t\t<\/span>\n\t\t\t\t\t<\/a>\n\t\t<\/div>\n\t\t\t\t<\/div>\n\t\t\t\t<\/div>\n\t\t\t\t\t\t<\/div>\n\t\t\t\t\t<\/div>\n\t\t<\/div>\n\t\t\t\t\t\t\t\t<\/div>\n\t\t\t\t\t<\/div>\n\t\t<\/section>\n\t\t\t\t\t\t<\/div>\n\t\t\t\t\t\t<\/div>\n\t\t\t\t\t<\/div>\n\t\t","protected":false},"excerpt":{"rendered":"<p>EROTIKUS NAPOK Ugye \u00d6n sem veti meg a szeretetteljes erotik\u00e1t \u00e9s szeretne p\u00e1rj\u00e1nak \u00f6r\u00f6met szerezni? Lehet az is, hogy most tart ott kapcsolatotok, hogy extra dolgokat vinn\u00e9tek egy\u00fcttl\u00e9tetekbe? Mit ny\u00fajt a romantikus-erotikus egy\u00fcttl\u00e9t? meg\u00fajul\u00e1stsaj\u00e1t magunk \u00e9s partner\u00fcnk ismeretlen rejtett ter\u00fcleteinek, v\u00e1gy\u00e1nak felfedez\u00e9s\u00e9t Ebben a sz\u00e1llodai csomagaj\u00e1nlatban sz\u00e1llodai K\u00c1MA-SZ\u00daTRA szob\u00e1tokba feln\u0151tt j\u00e1t\u00e9kszereket, kieg\u00e9sz\u00edt\u0151ket k\u00edn\u00e1lunk bek\u00e9sz\u00edtve, 1 &#8230; <a title=\"Szerelmes WELLNESSEZ\u00c9S\" class=\"read-more\" href=\"https:\/\/romantikus-ajandek.hu\/mentes\/szerelmes-wellnessezes\/\" aria-label=\"More on Szerelmes WELLNESSEZ\u00c9S\">Read more<\/a><\/p>\n","protected":false},"author":2,"featured_media":0,"parent":0,"menu_order":0,"comment_status":"closed","ping_status":"closed","template":"elementor_header_footer","meta":[],"_links":{"self":[{"href":"https:\/\/romantikus-ajandek.hu\/mentes\/wp-json\/wp\/v2\/pages\/1382"}],"collection":[{"href":"https:\/\/romantikus-ajandek.hu\/mentes\/wp-json\/wp\/v2\/pages"}],"about":[{"href":"https:\/\/romantikus-ajandek.hu\/mentes\/wp-json\/wp\/v2\/types\/page"}],"author":[{"embeddable":true,"href":"https:\/\/romantikus-ajandek.hu\/mentes\/wp-json\/wp\/v2\/users\/2"}],"replies":[{"embeddable":true,"href":"https:\/\/romantikus-ajandek.hu\/mentes\/wp-json\/wp\/v2\/comments?post=1382"}],"version-history":[{"count":19,"href":"https:\/\/romantikus-ajandek.hu\/mentes\/wp-json\/wp\/v2\/pages\/1382\/revisions"}],"predecessor-version":[{"id":1850,"href":"https:\/\/romantikus-ajandek.hu\/mentes\/wp-json\/wp\/v2\/pages\/1382\/revisions\/1850"}],"wp:attachment":[{"href":"https:\/\/romantikus-ajandek.hu\/mentes\/wp-json\/wp\/v2\/media?parent=1382"}],"curies":[{"name":"wp","href":"https:\/\/api.w.org\/{rel}","templated":true}]}}